{"id":5100,"date":"2015-02-11T15:01:05","date_gmt":"2015-02-11T20:01:05","guid":{"rendered":"http:\/\/pommeredprince.ca\/?page_id=5100"},"modified":"2016-02-10T14:54:30","modified_gmt":"2016-02-10T19:54:30","slug":"accueil","status":"publish","type":"page","link":"https:\/\/redprinceapple.ca\/fr\/","title":{"rendered":"Accueil"},"content":{"rendered":"<p>[et_pb_section fullwidth=\u00a0\u00bbon\u00a0\u00bb specialty=\u00a0\u00bboff\u00a0\u00bb transparent_background=\u00a0\u00bboff\u00a0\u00bb background_color=\u00a0\u00bb#ffffff\u00a0\u00bb inner_shadow=\u00a0\u00bboff\u00a0\u00bb parallax=\u00a0\u00bbon\u00a0\u00bb parallax_method=\u00a0\u00bbon\u00a0\u00bb][et_pb_fullwidth_slider admin_label=\u00a0\u00bbFullwidth Slider\u00a0\u00bb show_arrows=\u00a0\u00bbon\u00a0\u00bb show_pagination=\u00a0\u00bbon\u00a0\u00bb auto=\u00a0\u00bbon\u00a0\u00bb parallax=\u00a0\u00bboff\u00a0\u00bb parallax_method=\u00a0\u00bboff\u00a0\u00bb][et_pb_slide heading=\u00a0\u00bbCourez la chance de GAGNER un Weekend exclusif au village de Blue Mountain!\u00a0\u00bb button_text=\u00a0\u00bbInscrivez-Vous Maintenant\u00a0\u00bb button_link=\u00a0\u00bbhttp:\/\/goutasonmeilleur.pommeredprince.ca\u00a0\u00bb background_image=\u00a0\u00bbhttps:\/\/redprinceapple.ca\/wp-content\/uploads\/2014\/12\/prince-apple-promo-new.jpg\u00a0\u00bb background_color=\u00a0\u00bb#ffffff\u00a0\u00bb alignment=\u00a0\u00bbcenter\u00a0\u00bb background_layout=\u00a0\u00bbdark\u00a0\u00bb allow_player_pause=\u00a0\u00bboff\u00a0\u00bb \/][et_pb_slide heading=\u00a0\u00bbUne pomme comme nulle autre.\u00a0\u00bb button_text=\u00a0\u00bbApprenez pourquoi.\u00a0\u00bb button_link=\u00a0\u00bbhttp:\/\/pommeredprince.ca\/nos-pommes\/\u00a0\u00bb background_image=\u00a0\u00bbhttps:\/\/redprinceapple.ca\/wp-content\/uploads\/2014\/12\/105661171.jpg\u00a0\u00bb background_color=\u00a0\u00bb#ffffff\u00a0\u00bb alignment=\u00a0\u00bbcenter\u00a0\u00bb background_layout=\u00a0\u00bbdark\u00a0\u00bb \/][et_pb_slide heading=\u00a0\u00bbUne pomme qui en a long \u00e0 raconter. \u00a0\u00bb button_text=\u00a0\u00bbD\u00e9couvrez notre histoire.\u00a0\u00bb button_link=\u00a0\u00bbhttp:\/\/pommeredprince.ca\/notre-histoire\/\u00a0\u00bb background_image=\u00a0\u00bbhttps:\/\/redprinceapple.ca\/wp-content\/uploads\/2014\/12\/apple_slider.jpg\u00a0\u00bb background_color=\u00a0\u00bb#ffffff\u00a0\u00bb alignment=\u00a0\u00bbcenter\u00a0\u00bb background_layout=\u00a0\u00bbdark\u00a0\u00bb \/][et_pb_slide heading=\u00a0\u00bbCultiv\u00e9e pr\u00e8s de chez vous, vendue encore plus pr\u00e8s de chez vous.\u00a0\u00bb button_text=\u00a0\u00bbPoints de vente\u00a0\u00bb button_link=\u00a0\u00bbhttp:\/\/pommeredprince.ca\/points-de-vente\/\u00a0\u00bb background_image=\u00a0\u00bbhttps:\/\/redprinceapple.ca\/wp-content\/uploads\/2014\/12\/apples_bloom.jpg\u00a0\u00bb background_color=\u00a0\u00bb#ffffff\u00a0\u00bb alignment=\u00a0\u00bbcenter\u00a0\u00bb background_layout=\u00a0\u00bbdark\u00a0\u00bb \/][\/et_pb_fullwidth_slider][\/et_pb_section][et_pb_section fullwidth=\u00a0\u00bbon\u00a0\u00bb specialty=\u00a0\u00bboff\u00a0\u00bb transparent_background=\u00a0\u00bboff\u00a0\u00bb background_color=\u00a0\u00bb#ffffff\u00a0\u00bb inner_shadow=\u00a0\u00bboff\u00a0\u00bb parallax=\u00a0\u00bbon\u00a0\u00bb parallax_method=\u00a0\u00bbon\u00a0\u00bb][et_pb_fullwidth_slider admin_label=\u00a0\u00bbFullwidth Slider\u00a0\u00bb show_arrows=\u00a0\u00bbon\u00a0\u00bb show_pagination=\u00a0\u00bbon\u00a0\u00bb auto=\u00a0\u00bbon\u00a0\u00bb parallax=\u00a0\u00bboff\u00a0\u00bb parallax_method=\u00a0\u00bboff\u00a0\u00bb][et_pb_slide heading=\u00a0\u00bbDonner n\u2019a jamais eu si bon go\u00fbt! \u00a0\u00bb button_link=\u00a0\u00bbhttp:\/\/pommeredprince.ca\/points-de-vente\/\u00a0\u00bb background_color=\u00a0\u00bb#ffffff\u00a0\u00bb alignment=\u00a0\u00bbcenter\u00a0\u00bb background_layout=\u00a0\u00bblight\u00a0\u00bb image=\u00a0\u00bbhttps:\/\/redprinceapple.ca\/wp-content\/uploads\/2015\/02\/APPLE_Heartandstroke.png\u00a0\u00bb]<\/p>\n<p>F\u00e9vrier est le mois du c\u0153ur et la pomme Red Prince aimerait collaborer avec vous pour appuyer la Fondation des maladies du c\u0153ur et de l\u2019AVC.<\/p>\n<p>Prenez une photo avec une d\u00e9licieuse pomme Red Prince bonne pour le c\u0153ur et t\u00e9l\u00e9chargez-la sur <strong>Facebook, Twitter <\/strong>ou<strong> Instagram<\/strong> avec <strong>#PicPrince2Give.<\/strong><\/p>\n<p>Nous ferons un don de 1\u00a0$ \u00e0 la Fondation des maladies du c\u0153ur et de l\u2019AVC pour chaque photo t\u00e9l\u00e9charg\u00e9e.<\/p>\n<p>Jumeler des pommes et du beurre d\u2019arachide est une combinaison classique savoureuse. Ajoutez-y un brin de nouveaut\u00e9 en servant nos triangles de tortillas aux pommes Red Prince. Ils sont d\u00e9licieux froids ou r\u00e9chauff\u00e9s dans un gril \u00e0 panini.<\/p>\n<p>[\/et_pb_slide][\/et_pb_fullwidth_slider][\/et_pb_section][et_pb_section fullwidth=\u00a0\u00bboff\u00a0\u00bb specialty=\u00a0\u00bboff\u00a0\u00bb][et_pb_row][\/et_pb_row][\/et_pb_section][et_pb_section fullwidth=\u00a0\u00bboff\u00a0\u00bb specialty=\u00a0\u00bboff\u00a0\u00bb background_image=\u00a0\u00bbhttps:\/\/redprinceapple.ca\/wp-content\/uploads\/2014\/12\/wood.jpg\u00a0\u00bb transparent_background=\u00a0\u00bboff\u00a0\u00bb background_color=\u00a0\u00bb#ffffff\u00a0\u00bb inner_shadow=\u00a0\u00bboff\u00a0\u00bb parallax=\u00a0\u00bboff\u00a0\u00bb parallax_method=\u00a0\u00bboff\u00a0\u00bb][et_pb_row][et_pb_column type=\u00a0\u00bb4_4&Prime;][et_pb_image admin_label=\u00a0\u00bbImage\u00a0\u00bb src=\u00a0\u00bbhttps:\/\/redprinceapple.ca\/wp-content\/uploads\/2015\/02\/tasteatpeak_fr.png\u00a0\u00bb alt=\u00a0\u00bbtaste at its peak\u00a0\u00bb title_text=\u00a0\u00bbtaste at its peak\u00a0\u00bb show_in_lightbox=\u00a0\u00bboff\u00a0\u00bb url_new_window=\u00a0\u00bboff\u00a0\u00bb animation=\u00a0\u00bbleft\u00a0\u00bb sticky=\u00a0\u00bbon\u00a0\u00bb \/][\/et_pb_column][\/et_pb_row][et_pb_row][et_pb_column type=\u00a0\u00bb4_4&Prime;][et_pb_text admin_label=\u00a0\u00bbText\u00a0\u00bb background_layout=\u00a0\u00bbdark\u00a0\u00bb text_orientation=\u00a0\u00bbcenter\u00a0\u00bb]<\/p>\n<p>&nbsp;<\/p>\n<div class=\"et_pb_text et_pb_bg_layout_dark et_pb_text_align_center subheader_size\">\n<p>Pour la plupart des pomiculteurs, la r\u00e9colte est la derni\u00e8re \u00e9tape importante de la saison. Mais, pour nous, il s\u2019agit simplement d\u2019un jalon dans notre qu\u00eate de la perfection. Lorsque nous voyons \u00e0 quel point les gens appr\u00e9cient nos pommes Red Prince, cela nous rappelle exactement pourquoi nous y mettons tant de soin.<\/p>\n<\/div>\n<p>[\/et_pb_text][\/et_pb_column][\/et_pb_row][\/et_pb_section][et_pb_section fullwidth=\u00a0\u00bboff\u00a0\u00bb specialty=\u00a0\u00bboff\u00a0\u00bb background_image=\u00a0\u00bbhttps:\/\/redprinceapple.ca\/wp-content\/uploads\/2014\/12\/rp_bkg_1920.jpg\u00a0\u00bb transparent_background=\u00a0\u00bboff\u00a0\u00bb background_color=\u00a0\u00bb#ffffff\u00a0\u00bb inner_shadow=\u00a0\u00bboff\u00a0\u00bb parallax=\u00a0\u00bboff\u00a0\u00bb parallax_method=\u00a0\u00bboff\u00a0\u00bb][et_pb_row][et_pb_column type=\u00a0\u00bb1_3&Prime;][et_pb_blurb admin_label=\u00a0\u00bbBlurb\u00a0\u00bb url_new_window=\u00a0\u00bboff\u00a0\u00bb use_icon=\u00a0\u00bboff\u00a0\u00bb icon_color=\u00a0\u00bb#666666&Prime; use_circle=\u00a0\u00bboff\u00a0\u00bb circle_color=\u00a0\u00bb#666666&Prime; use_circle_border=\u00a0\u00bboff\u00a0\u00bb circle_border_color=\u00a0\u00bb#666666&Prime; icon_placement=\u00a0\u00bbtop\u00a0\u00bb animation=\u00a0\u00bbtop\u00a0\u00bb background_layout=\u00a0\u00bblight\u00a0\u00bb text_orientation=\u00a0\u00bbcenter\u00a0\u00bb image=\u00a0\u00bbhttps:\/\/redprinceapple.ca\/wp-content\/uploads\/2014\/12\/blurb_home_1.png\u00a0\u00bb]<\/p>\n<p>&nbsp;<\/p>\n<h3><strong>Nous sommes les seuls cultivateurs de la pomme Red Prince au Canada.<\/strong><\/h3>\n<p>&nbsp;<\/p>\n<p>[\/et_pb_blurb][\/et_pb_column][et_pb_column type=\u00a0\u00bb1_3&Prime;][et_pb_blurb admin_label=\u00a0\u00bbBlurb\u00a0\u00bb url_new_window=\u00a0\u00bboff\u00a0\u00bb use_icon=\u00a0\u00bboff\u00a0\u00bb icon_color=\u00a0\u00bb#666666&Prime; use_circle=\u00a0\u00bboff\u00a0\u00bb circle_color=\u00a0\u00bb#666666&Prime; use_circle_border=\u00a0\u00bboff\u00a0\u00bb circle_border_color=\u00a0\u00bb#666666&Prime; icon_placement=\u00a0\u00bbtop\u00a0\u00bb animation=\u00a0\u00bbtop\u00a0\u00bb background_layout=\u00a0\u00bblight\u00a0\u00bb text_orientation=\u00a0\u00bbcenter\u00a0\u00bb image=\u00a0\u00bbhttps:\/\/redprinceapple.ca\/wp-content\/uploads\/2014\/12\/blurb_home_2.png\u00a0\u00bb]<\/p>\n<p>&nbsp;<\/p>\n<h3><strong><span style=\"color: #000000;\">Les pommes Red Prince ne sont jamais modifi\u00e9es g\u00e9n\u00e9tiquement. Ainsi, vous savez exactement ce que vous mangez.<br \/>\n<\/span><\/strong><\/h3>\n<p>&nbsp;<\/p>\n<p>[\/et_pb_blurb][\/et_pb_column][et_pb_column type=\u00a0\u00bb1_3&Prime;][et_pb_blurb admin_label=\u00a0\u00bbBlurb\u00a0\u00bb url_new_window=\u00a0\u00bboff\u00a0\u00bb use_icon=\u00a0\u00bboff\u00a0\u00bb icon_color=\u00a0\u00bb#666666&Prime; use_circle=\u00a0\u00bboff\u00a0\u00bb circle_color=\u00a0\u00bb#666666&Prime; use_circle_border=\u00a0\u00bboff\u00a0\u00bb circle_border_color=\u00a0\u00bb#666666&Prime; icon_placement=\u00a0\u00bbtop\u00a0\u00bb animation=\u00a0\u00bbtop\u00a0\u00bb background_layout=\u00a0\u00bblight\u00a0\u00bb text_orientation=\u00a0\u00bbcenter\u00a0\u00bb image=\u00a0\u00bbhttps:\/\/redprinceapple.ca\/wp-content\/uploads\/2015\/02\/blurb_fr_circle.png\u00a0\u00bb]<\/p>\n<p>&nbsp;<\/p>\n<h3><strong>Nos pommes sont mises en cave de l\u2019automne au d\u00e9but de la nouvelle ann\u00e9e, ce qui enrichit leur saveur et leur texture uniques.<\/strong><\/h3>\n<p>&nbsp;<\/p>\n<p>[\/et_pb_blurb][\/et_pb_column][\/et_pb_row][\/et_pb_section][et_pb_section fullwidth=\u00a0\u00bbon\u00a0\u00bb specialty=\u00a0\u00bboff\u00a0\u00bb transparent_background=\u00a0\u00bboff\u00a0\u00bb background_color=\u00a0\u00bb#dd3333&Prime; inner_shadow=\u00a0\u00bboff\u00a0\u00bb parallax=\u00a0\u00bboff\u00a0\u00bb parallax_method=\u00a0\u00bboff\u00a0\u00bb][et_pb_fullwidth_header admin_label=\u00a0\u00bbFullwidth Header\u00a0\u00bb title=\u00a0\u00bbDonc s\u2019agit-il d\u2019une pomme \u00e0 cuire, \u00e0 jus ou \u00e0 croquer? \u00a0\u00bb subhead=\u00a0\u00bbAvec la pomme Red Prince, vous n\u2019avez pas \u00e0 choisir : toutes les options sont bonnes.\u00a0\u00bb background_layout=\u00a0\u00bbdark\u00a0\u00bb text_orientation=\u00a0\u00bbcenter\u00a0\u00bb \/][\/et_pb_section][et_pb_section fullwidth=\u00a0\u00bboff\u00a0\u00bb specialty=\u00a0\u00bboff\u00a0\u00bb transparent_background=\u00a0\u00bboff\u00a0\u00bb background_color=\u00a0\u00bb#ffffff\u00a0\u00bb inner_shadow=\u00a0\u00bboff\u00a0\u00bb parallax=\u00a0\u00bboff\u00a0\u00bb parallax_method=\u00a0\u00bboff\u00a0\u00bb][et_pb_row][et_pb_column type=\u00a0\u00bb4_4&Prime;][et_pb_cta admin_label=\u00a0\u00bbCall To Action\u00a0\u00bb title=\u00a0\u00bbD\u00e9couvrez des recettes tout aussi uniques que la pomme Red Prince elle-m\u00eame.\u00a0\u00bb use_background_color=\u00a0\u00bboff\u00a0\u00bb background_layout=\u00a0\u00bblight\u00a0\u00bb text_orientation=\u00a0\u00bbcenter\u00a0\u00bb background_color=\u00a0\u00bb#ffffff\u00a0\u00bb \/][et_pb_gallery admin_label=\u00a0\u00bbGallery\u00a0\u00bb gallery_ids=\u00a0\u00bb76,78,248,269&Prime; fullwidth=\u00a0\u00bboff\u00a0\u00bb posts_number=\u00a0\u00bb4&Prime; show_title_and_caption=\u00a0\u00bboff\u00a0\u00bb show_pagination=\u00a0\u00bboff\u00a0\u00bb background_layout=\u00a0\u00bblight\u00a0\u00bb \/][et_pb_cta admin_label=\u00a0\u00bbCall To Action\u00a0\u00bb button_url=\u00a0\u00bbhttp:\/\/pommeredprince.ca\/recettes\/\u00a0\u00bb button_text=\u00a0\u00bbD\u00e9couvrez-les maintenant\u00a0\u00bb use_background_color=\u00a0\u00bboff\u00a0\u00bb background_layout=\u00a0\u00bblight\u00a0\u00bb text_orientation=\u00a0\u00bbcenter\u00a0\u00bb background_color=\u00a0\u00bb#ffffff\u00a0\u00bb \/][\/et_pb_column][\/et_pb_row][\/et_pb_section][et_pb_section fullwidth=\u00a0\u00bboff\u00a0\u00bb specialty=\u00a0\u00bboff\u00a0\u00bb transparent_background=\u00a0\u00bboff\u00a0\u00bb background_color=\u00a0\u00bb#e8e8e8&Prime; inner_shadow=\u00a0\u00bboff\u00a0\u00bb parallax=\u00a0\u00bboff\u00a0\u00bb parallax_method=\u00a0\u00bboff\u00a0\u00bb][et_pb_row][et_pb_column type=\u00a0\u00bb1_4&Prime;][et_pb_social_media_follow admin_label=\u00a0\u00bbSocial Media Follow\u00a0\u00bb link_shape=\u00a0\u00bbrounded_rectangle\u00a0\u00bb background_layout=\u00a0\u00bblight\u00a0\u00bb url_new_window=\u00a0\u00bbon\u00a0\u00bb follow_button=\u00a0\u00bboff\u00a0\u00bb][et_pb_social_media_follow_network social_network=\u00a0\u00bbfacebook\u00a0\u00bb url=\u00a0\u00bbhttps:\/\/www.facebook.com\/RedPrinceApple\u00a0\u00bb bg_color=\u00a0\u00bb#3b5998&Prime;]facebook[\/et_pb_social_media_follow_network][et_pb_social_media_follow_network social_network=\u00a0\u00bbpinterest\u00a0\u00bb url=\u00a0\u00bbhttp:\/\/www.pinterest.com\/redprinceapple\/\u00a0\u00bb bg_color=\u00a0\u00bb#cb2027&Prime;]Pinterest[\/et_pb_social_media_follow_network][et_pb_social_media_follow_network social_network=\u00a0\u00bbtwitter\u00a0\u00bb url=\u00a0\u00bbhttp:\/\/twitter.com\/redprinceapple\u00a0\u00bb bg_color=\u00a0\u00bb#00aced\u00a0\u00bb]Twitter[\/et_pb_social_media_follow_network][et_pb_social_media_follow_network social_network=\u00a0\u00bbinstagram\u00a0\u00bb url=\u00a0\u00bbhttp:\/\/instagram.com\/redprinceapple\u00a0\u00bb bg_color=\u00a0\u00bb#517fa4&Prime;]Instagram[\/et_pb_social_media_follow_network][\/et_pb_social_media_follow][\/et_pb_column][et_pb_column type=\u00a0\u00bb3_4&Prime;][et_pb_contact_form admin_label=\u00a0\u00bbContact Form\u00a0\u00bb captcha=\u00a0\u00bbon\u00a0\u00bb email=\u00a0\u00bbinfo@binkleyapples.com\u00a0\u00bb title=\u00a0\u00bbCommuniquez avec nous\u00a0\u00bb \/][\/et_pb_column][\/et_pb_row][\/et_pb_section]<\/p>\n","protected":false},"excerpt":{"rendered":"<p>F\u00e9vrier est le mois du c\u0153ur et la pomme Red Prince aimerait collaborer avec vous pour appuyer la Fondation des maladies du c\u0153ur et de l\u2019AVC. Prenez une photo avec une d\u00e9licieuse pomme Red Prince bonne pour le c\u0153ur et t\u00e9l\u00e9chargez-la sur Facebook, Twitter ou Instagram avec #PicPrince2Give. Nous ferons un don de 1\u00a0$ \u00e0 [&hellip;]<\/p>\n","protected":false},"author":9,"featured_media":0,"parent":0,"menu_order":5,"comment_status":"open","ping_status":"closed","template":"","meta":{"_et_pb_use_builder":"on","_et_pb_old_content":"<p>The <strong>Red Prince is a premium Canadian apple <\/strong>that fans greet with excitement when they are released each January! Grown overlooking the shores of Georgian Bay in Thornbury, Ontario, they are harvested in the fall but cellared in controlled storage like a wine \u2013 to let their flavour develop and mature.<\/p><p>Known for its antioxidant-rich red skin, Red Prince apples are ideal for fresh eating and are incredibly versatile. You\u2019ll love them in salads, cooked or baked in <a href=\"https:\/\/redprinceapple.ca\/recipes\/\">recipes. <\/a>Red Prince also pairs well with sharp cheddar and blue cheeses.<\/p><p><strong>Enjoy them while you can!<\/strong><\/p>","_et_gb_content_width":"","footnotes":""},"class_list":["post-5100","page","type-page","status-publish","hentry"],"yoast_head":"<!-- This site is optimized with the Yoast SEO plugin v27.2 - https:\/\/yoast.com\/product\/yoast-seo-wordpress\/ -->\n<title>Accueil - Red Prince Apple<\/title>\n<meta name=\"robots\" content=\"index, follow, max-snippet:-1, max-image-preview:large, max-video-preview:-1\" \/>\n<link rel=\"canonical\" href=\"https:\/\/redprinceapple.ca\/fr\/accueil\/\" \/>\n<meta property=\"og:locale\" content=\"fr_FR\" \/>\n<meta property=\"og:type\" content=\"article\" \/>\n<meta property=\"og:title\" content=\"Accueil - Red Prince Apple\" \/>\n<meta property=\"og:description\" content=\"F\u00e9vrier est le mois du c\u0153ur et la pomme Red Prince aimerait collaborer avec vous pour appuyer la Fondation des maladies du c\u0153ur et de l\u2019AVC. Prenez une photo avec une d\u00e9licieuse pomme Red Prince bonne pour le c\u0153ur et t\u00e9l\u00e9chargez-la sur Facebook, Twitter ou Instagram avec #PicPrince2Give. Nous ferons un don de 1\u00a0$ \u00e0 [&hellip;]\" \/>\n<meta property=\"og:url\" content=\"https:\/\/redprinceapple.ca\/fr\/accueil\/\" \/>\n<meta property=\"og:site_name\" content=\"Red Prince Apple\" \/>\n<meta property=\"article:modified_time\" content=\"2016-02-10T19:54:30+00:00\" \/>\n<meta name=\"twitter:label1\" content=\"Dur\u00e9e de lecture estim\u00e9e\" \/>\n\t<meta name=\"twitter:data1\" content=\"6 minutes\" \/>\n<script type=\"application\/ld+json\" class=\"yoast-schema-graph\">{\"@context\":\"https:\/\/schema.org\",\"@graph\":[{\"@type\":\"WebPage\",\"@id\":\"https:\/\/redprinceapple.ca\/fr\/accueil\/\",\"url\":\"https:\/\/redprinceapple.ca\/fr\/accueil\/\",\"name\":\"Accueil - Red Prince Apple\",\"isPartOf\":{\"@id\":\"https:\/\/redprinceapple.ca\/#website\"},\"datePublished\":\"2015-02-11T20:01:05+00:00\",\"dateModified\":\"2016-02-10T19:54:30+00:00\",\"breadcrumb\":{\"@id\":\"https:\/\/redprinceapple.ca\/fr\/accueil\/#breadcrumb\"},\"inLanguage\":\"fr-FR\",\"potentialAction\":[{\"@type\":\"ReadAction\",\"target\":[\"https:\/\/redprinceapple.ca\/fr\/accueil\/\"]}]},{\"@type\":\"BreadcrumbList\",\"@id\":\"https:\/\/redprinceapple.ca\/fr\/accueil\/#breadcrumb\",\"itemListElement\":[{\"@type\":\"ListItem\",\"position\":1,\"name\":\"Home\",\"item\":\"https:\/\/redprinceapple.ca\/fr\/accueil\/\"},{\"@type\":\"ListItem\",\"position\":2,\"name\":\"Accueil\"}]},{\"@type\":\"WebSite\",\"@id\":\"https:\/\/redprinceapple.ca\/#website\",\"url\":\"https:\/\/redprinceapple.ca\/\",\"name\":\"Red Prince Apple\",\"description\":\"Taste at its Peak\",\"potentialAction\":[{\"@type\":\"SearchAction\",\"target\":{\"@type\":\"EntryPoint\",\"urlTemplate\":\"https:\/\/redprinceapple.ca\/?s={search_term_string}\"},\"query-input\":{\"@type\":\"PropertyValueSpecification\",\"valueRequired\":true,\"valueName\":\"search_term_string\"}}],\"inLanguage\":\"fr-FR\"}]}<\/script>\n<!-- \/ Yoast SEO plugin. -->","yoast_head_json":{"title":"Accueil - Red Prince Apple","robots":{"index":"index","follow":"follow","max-snippet":"max-snippet:-1","max-image-preview":"max-image-preview:large","max-video-preview":"max-video-preview:-1"},"canonical":"https:\/\/redprinceapple.ca\/fr\/accueil\/","og_locale":"fr_FR","og_type":"article","og_title":"Accueil - Red Prince Apple","og_description":"F\u00e9vrier est le mois du c\u0153ur et la pomme Red Prince aimerait collaborer avec vous pour appuyer la Fondation des maladies du c\u0153ur et de l\u2019AVC. Prenez une photo avec une d\u00e9licieuse pomme Red Prince bonne pour le c\u0153ur et t\u00e9l\u00e9chargez-la sur Facebook, Twitter ou Instagram avec #PicPrince2Give. Nous ferons un don de 1\u00a0$ \u00e0 [&hellip;]","og_url":"https:\/\/redprinceapple.ca\/fr\/accueil\/","og_site_name":"Red Prince Apple","article_modified_time":"2016-02-10T19:54:30+00:00","twitter_misc":{"Dur\u00e9e de lecture estim\u00e9e":"6 minutes"},"schema":{"@context":"https:\/\/schema.org","@graph":[{"@type":"WebPage","@id":"https:\/\/redprinceapple.ca\/fr\/accueil\/","url":"https:\/\/redprinceapple.ca\/fr\/accueil\/","name":"Accueil - Red Prince Apple","isPartOf":{"@id":"https:\/\/redprinceapple.ca\/#website"},"datePublished":"2015-02-11T20:01:05+00:00","dateModified":"2016-02-10T19:54:30+00:00","breadcrumb":{"@id":"https:\/\/redprinceapple.ca\/fr\/accueil\/#breadcrumb"},"inLanguage":"fr-FR","potentialAction":[{"@type":"ReadAction","target":["https:\/\/redprinceapple.ca\/fr\/accueil\/"]}]},{"@type":"BreadcrumbList","@id":"https:\/\/redprinceapple.ca\/fr\/accueil\/#breadcrumb","itemListElement":[{"@type":"ListItem","position":1,"name":"Home","item":"https:\/\/redprinceapple.ca\/fr\/accueil\/"},{"@type":"ListItem","position":2,"name":"Accueil"}]},{"@type":"WebSite","@id":"https:\/\/redprinceapple.ca\/#website","url":"https:\/\/redprinceapple.ca\/","name":"Red Prince Apple","description":"Taste at its Peak","potentialAction":[{"@type":"SearchAction","target":{"@type":"EntryPoint","urlTemplate":"https:\/\/redprinceapple.ca\/?s={search_term_string}"},"query-input":{"@type":"PropertyValueSpecification","valueRequired":true,"valueName":"search_term_string"}}],"inLanguage":"fr-FR"}]}},"_links":{"self":[{"href":"https:\/\/redprinceapple.ca\/fr\/wp-json\/wp\/v2\/pages\/5100","targetHints":{"allow":["GET"]}}],"collection":[{"href":"https:\/\/redprinceapple.ca\/fr\/wp-json\/wp\/v2\/pages"}],"about":[{"href":"https:\/\/redprinceapple.ca\/fr\/wp-json\/wp\/v2\/types\/page"}],"author":[{"embeddable":true,"href":"https:\/\/redprinceapple.ca\/fr\/wp-json\/wp\/v2\/users\/9"}],"replies":[{"embeddable":true,"href":"https:\/\/redprinceapple.ca\/fr\/wp-json\/wp\/v2\/comments?post=5100"}],"version-history":[{"count":10,"href":"https:\/\/redprinceapple.ca\/fr\/wp-json\/wp\/v2\/pages\/5100\/revisions"}],"predecessor-version":[{"id":6009,"href":"https:\/\/redprinceapple.ca\/fr\/wp-json\/wp\/v2\/pages\/5100\/revisions\/6009"}],"wp:attachment":[{"href":"https:\/\/redprinceapple.ca\/fr\/wp-json\/wp\/v2\/media?parent=5100"}],"curies":[{"name":"wp","href":"https:\/\/api.w.org\/{rel}","templated":true}]}}