{"id":5111,"date":"2015-02-11T16:08:27","date_gmt":"2015-02-11T21:08:27","guid":{"rendered":"http:\/\/redprinceapple.ca\/?page_id=5111"},"modified":"2015-02-20T20:07:44","modified_gmt":"2015-02-21T01:07:44","slug":"nos-pommes","status":"publish","type":"page","link":"https:\/\/redprinceapple.ca\/fr\/nos-pommes\/","title":{"rendered":"Nos pommes"},"content":{"rendered":"<p>[et_pb_section fullwidth=\u00a0\u00bbon\u00a0\u00bb specialty=\u00a0\u00bboff\u00a0\u00bb transparent_background=\u00a0\u00bboff\u00a0\u00bb background_color=\u00a0\u00bb#e2e2e2&Prime; inner_shadow=\u00a0\u00bbon\u00a0\u00bb parallax=\u00a0\u00bboff\u00a0\u00bb parallax_method=\u00a0\u00bboff\u00a0\u00bb background_image=\u00a0\u00bbhttps:\/\/redprinceapple.ca\/wp-content\/uploads\/2014\/12\/wood_skinny_Fade_v2.jpg\u00a0\u00bb][et_pb_fullwidth_header admin_label=\u00a0\u00bbFullwidth Header\u00a0\u00bb title=\u00a0\u00bbNOS POMMES\u00a0\u00bb background_layout=\u00a0\u00bbdark\u00a0\u00bb text_orientation=\u00a0\u00bbleft\u00a0\u00bb \/][\/et_pb_section][et_pb_section fullwidth=\u00a0\u00bboff\u00a0\u00bb specialty=\u00a0\u00bboff\u00a0\u00bb][et_pb_row][et_pb_column type=\u00a0\u00bb1_3&Prime;][et_pb_image admin_label=\u00a0\u00bbImage\u00a0\u00bb src=\u00a0\u00bbhttps:\/\/redprinceapple.ca\/wp-content\/uploads\/2014\/12\/BagFull_ENG_Select_v2.jpg\u00a0\u00bb show_in_lightbox=\u00a0\u00bbon\u00a0\u00bb url_new_window=\u00a0\u00bboff\u00a0\u00bb animation=\u00a0\u00bbleft\u00a0\u00bb sticky=\u00a0\u00bboff\u00a0\u00bb \/][\/et_pb_column][et_pb_column type=\u00a0\u00bb2_3&Prime;][et_pb_text admin_label=\u00a0\u00bbText\u00a0\u00bb background_layout=\u00a0\u00bblight\u00a0\u00bb text_orientation=\u00a0\u00bbleft\u00a0\u00bb]<\/p>\n<p>&nbsp;<\/p>\n<div class=\"et_pb_text et_pb_bg_layout_light et_pb_text_align_left\">\n<h2>La pomme Red Prince, une pomme comme nulle autre<\/h2>\n<p>M. Princen \u00e9tait un cultivateur de la petite ville de Weert, situ\u00e9e pr\u00e8s de la fronti\u00e8re entre l\u2019Allemagne et les Pays-Bas, l\u00e0 o\u00f9 fut d\u00e9couvert ce splendide croisement naturel entre la Golden Delicious et la Red Jonathan. Inspir\u00e9 par la superbe couleur rouge fonc\u00e9 de cette pomme, il l\u2019a baptis\u00e9e \u00e0 partir de l\u2019adjectif \u00ab\u00a0Red\u00a0\u00bb, qui signifie rouge, et de son propre nom de famille, d\u2019o\u00f9 le nom Red Prince. D\u00e9sormais cultiv\u00e9e le long des rives de la baie Georgienne, en Ontario, au Canada, la pomme Red Prince est r\u00e9colt\u00e9e \u00e0 l\u2019automne, puis mise en caveau jusqu\u2019\u00e0 la nouvelle ann\u00e9e, \u00e0 la mani\u00e8re d\u2019un bon vin. Pendant son s\u00e9jour en cave, sa saveur et sa texture s\u2019enrichissent, gr\u00e2ce aux sucres et aux acides naturels qui, en vieillissant, rehaussent l\u2019exp\u00e9rience gustative incomparable offerte par cette pomme haut de gamme. Au terme de ce processus, la pomme Red Prince a une saveur sucr\u00e9e et acidul\u00e9e et une peau croquante d\u2019un beau rouge profond, riche en antioxydants.<\/p>\n<\/div>\n<p>&nbsp;<\/p>\n<p>[\/et_pb_text][\/et_pb_column][\/et_pb_row][\/et_pb_section][et_pb_section][et_pb_row][et_pb_column type=\u00a0\u00bb1_2&Prime;][et_pb_cta admin_label=\u00a0\u00bbCall To Action\u00a0\u00bb use_background_color=\u00a0\u00bboff\u00a0\u00bb background_layout=\u00a0\u00bblight\u00a0\u00bb text_orientation=\u00a0\u00bbcenter\u00a0\u00bb button_text=\u00a0\u00bbTrouvez-la\u00a0\u00bb background_color=\u00a0\u00bb#b20b0a\u00a0\u00bb button_url=\u00a0\u00bbhttp:\/\/pommeredprince.ca\/points-de-vente\/\u00a0\u00bb title=\u00a0\u00bbTrouvez la pomme Red Prince pr\u00e8s de chez vous.\u00a0\u00bb]<\/p>\n<p>&nbsp;<\/p>\n<p>La pomme Red Prince est distribu\u00e9e \u00e0 bon nombre des principaux magasins d\u2019alimentation au d\u00e9tail chaque hiver. Il y a donc de bonnes chances que vous puissiez la trouver pr\u00e8s de chez vous. Utilisez notre carte de recherche interactive pour trouver un point de vente dans votre r\u00e9gion.<\/p>\n<p>&nbsp;<\/p>\n<p>[\/et_pb_cta][\/et_pb_column][et_pb_column type=\u00a0\u00bb1_2&Prime;][et_pb_cta admin_label=\u00a0\u00bbCall To Action\u00a0\u00bb use_background_color=\u00a0\u00bboff\u00a0\u00bb background_layout=\u00a0\u00bblight\u00a0\u00bb text_orientation=\u00a0\u00bbcenter\u00a0\u00bb button_text=\u00a0\u00bbCliquez ici\u00a0\u00bb background_color=\u00a0\u00bb#b20b0a\u00a0\u00bb button_url=\u00a0\u00bbhttp:\/\/pommeredprince.ca\/recettes\/\u00a0\u00bb title=\u00a0\u00bbLaissez la pomme Red Prince vous inspirer dans la cuisine.\u00a0\u00bb]<\/p>\n<p>&nbsp;<\/p>\n<p>Que vous soyez aux fourneaux ou ayez le plaisir que l\u2019on cuisine pour vous, la multitude de fa\u00e7ons uniques dont la pomme Red Prince peut \u00eatre pr\u00e9par\u00e9e vous \u00e9bahira. Pour ajouter de savoureux plats \u00e0 votre r\u00e9pertoire de recettes, visitez notre page de recettes.<\/p>\n<p>&nbsp;<\/p>\n<p>[\/et_pb_cta][\/et_pb_column][\/et_pb_row][\/et_pb_section]<\/p>\n","protected":false},"excerpt":{"rendered":"<p><div class=\"et_pb_row et_pb_row_0 et_pb_row_empty\">\n\t\t\t\t\n\t\t\t\t\n\t\t\t\t\n\t\t\t\t\n\t\t\t\t\n\t\t\t<\/div> &nbsp; La pomme Red Prince, une pomme comme nulle autre M. Princen \u00e9tait un cultivateur de la petite ville de Weert, situ\u00e9e pr\u00e8s de la fronti\u00e8re entre l\u2019Allemagne et les Pays-Bas, l\u00e0 o\u00f9 fut d\u00e9couvert ce splendide croisement naturel entre la Golden Delicious et la Red Jonathan. Inspir\u00e9 par la superbe couleur rouge fonc\u00e9 [&hellip;]<\/p>\n","protected":false},"author":9,"featured_media":0,"parent":0,"menu_order":30,"comment_status":"open","ping_status":"closed","template":"","meta":{"_et_pb_use_builder":"on","_et_pb_old_content":"<p>An Apple Like No Other \u2013 The Red Prince<\/p><p>The grower who first discovered this beautiful, natural cross between a Golden Delicious and a Red Jonathan apple, was inspired by its perfect, deep red colour.\u00a0 He gave the apple its name after the prince of Weert \u2013 a small town that sits quietly along the German-Dutch border, where these apples were first discovered. In the Red Prince\u2019s new\u00a0 home along the shores of Georgian Bay in Ontario, Canada, it is harvested in the fall and cellared until the new year \u2013 somewhat like a fine vintage wine. While they sleep, their flavour and texture are enhanced as the natural sugars and acids mature to elevate the eating experience of this premium apple.\u00a0 When all is finished, it is left with a tangy-sweet taste and a crisp red skin rich in antioxidants.<\/p>","_et_gb_content_width":"","footnotes":""},"class_list":["post-5111","page","type-page","status-publish","hentry"],"yoast_head":"<!-- This site is optimized with the Yoast SEO plugin v27.2 - https:\/\/yoast.com\/product\/yoast-seo-wordpress\/ -->\n<title>Nos pommes - Red Prince Apple<\/title>\n<meta name=\"robots\" content=\"index, follow, max-snippet:-1, max-image-preview:large, max-video-preview:-1\" \/>\n<link rel=\"canonical\" href=\"https:\/\/redprinceapple.ca\/apples\/\" \/>\n<meta property=\"og:locale\" content=\"fr_FR\" \/>\n<meta property=\"og:type\" content=\"article\" \/>\n<meta property=\"og:title\" content=\"Nos pommes - Red Prince Apple\" \/>\n<meta property=\"og:description\" content=\"&nbsp; La pomme Red Prince, une pomme comme nulle autre M. Princen \u00e9tait un cultivateur de la petite ville de Weert, situ\u00e9e pr\u00e8s de la fronti\u00e8re entre l\u2019Allemagne et les Pays-Bas, l\u00e0 o\u00f9 fut d\u00e9couvert ce splendide croisement naturel entre la Golden Delicious et la Red Jonathan. Inspir\u00e9 par la superbe couleur rouge fonc\u00e9 [&hellip;]\" \/>\n<meta property=\"og:url\" content=\"https:\/\/redprinceapple.ca\/apples\/\" \/>\n<meta property=\"og:site_name\" content=\"Red Prince Apple\" \/>\n<meta property=\"article:modified_time\" content=\"2015-02-21T01:07:44+00:00\" \/>\n<meta name=\"twitter:label1\" content=\"Dur\u00e9e de lecture estim\u00e9e\" \/>\n\t<meta name=\"twitter:data1\" content=\"3 minutes\" \/>\n<script type=\"application\/ld+json\" class=\"yoast-schema-graph\">{\"@context\":\"https:\/\/schema.org\",\"@graph\":[{\"@type\":\"WebPage\",\"@id\":\"https:\/\/redprinceapple.ca\/apples\/\",\"url\":\"https:\/\/redprinceapple.ca\/apples\/\",\"name\":\"Nos pommes - Red Prince Apple\",\"isPartOf\":{\"@id\":\"https:\/\/redprinceapple.ca\/#website\"},\"datePublished\":\"2015-02-11T21:08:27+00:00\",\"dateModified\":\"2015-02-21T01:07:44+00:00\",\"breadcrumb\":{\"@id\":\"https:\/\/redprinceapple.ca\/apples\/#breadcrumb\"},\"inLanguage\":\"fr-FR\",\"potentialAction\":[{\"@type\":\"ReadAction\",\"target\":[\"https:\/\/redprinceapple.ca\/apples\/\"]}]},{\"@type\":\"BreadcrumbList\",\"@id\":\"https:\/\/redprinceapple.ca\/apples\/#breadcrumb\",\"itemListElement\":[{\"@type\":\"ListItem\",\"position\":1,\"name\":\"Home\",\"item\":\"https:\/\/redprinceapple.ca\/fr\/accueil\/\"},{\"@type\":\"ListItem\",\"position\":2,\"name\":\"Nos pommes\"}]},{\"@type\":\"WebSite\",\"@id\":\"https:\/\/redprinceapple.ca\/#website\",\"url\":\"https:\/\/redprinceapple.ca\/\",\"name\":\"Red Prince Apple\",\"description\":\"Taste at its Peak\",\"potentialAction\":[{\"@type\":\"SearchAction\",\"target\":{\"@type\":\"EntryPoint\",\"urlTemplate\":\"https:\/\/redprinceapple.ca\/?s={search_term_string}\"},\"query-input\":{\"@type\":\"PropertyValueSpecification\",\"valueRequired\":true,\"valueName\":\"search_term_string\"}}],\"inLanguage\":\"fr-FR\"}]}<\/script>\n<!-- \/ Yoast SEO plugin. -->","yoast_head_json":{"title":"Nos pommes - Red Prince Apple","robots":{"index":"index","follow":"follow","max-snippet":"max-snippet:-1","max-image-preview":"max-image-preview:large","max-video-preview":"max-video-preview:-1"},"canonical":"https:\/\/redprinceapple.ca\/apples\/","og_locale":"fr_FR","og_type":"article","og_title":"Nos pommes - Red Prince Apple","og_description":"&nbsp; La pomme Red Prince, une pomme comme nulle autre M. Princen \u00e9tait un cultivateur de la petite ville de Weert, situ\u00e9e pr\u00e8s de la fronti\u00e8re entre l\u2019Allemagne et les Pays-Bas, l\u00e0 o\u00f9 fut d\u00e9couvert ce splendide croisement naturel entre la Golden Delicious et la Red Jonathan. Inspir\u00e9 par la superbe couleur rouge fonc\u00e9 [&hellip;]","og_url":"https:\/\/redprinceapple.ca\/apples\/","og_site_name":"Red Prince Apple","article_modified_time":"2015-02-21T01:07:44+00:00","twitter_misc":{"Dur\u00e9e de lecture estim\u00e9e":"3 minutes"},"schema":{"@context":"https:\/\/schema.org","@graph":[{"@type":"WebPage","@id":"https:\/\/redprinceapple.ca\/apples\/","url":"https:\/\/redprinceapple.ca\/apples\/","name":"Nos pommes - Red Prince Apple","isPartOf":{"@id":"https:\/\/redprinceapple.ca\/#website"},"datePublished":"2015-02-11T21:08:27+00:00","dateModified":"2015-02-21T01:07:44+00:00","breadcrumb":{"@id":"https:\/\/redprinceapple.ca\/apples\/#breadcrumb"},"inLanguage":"fr-FR","potentialAction":[{"@type":"ReadAction","target":["https:\/\/redprinceapple.ca\/apples\/"]}]},{"@type":"BreadcrumbList","@id":"https:\/\/redprinceapple.ca\/apples\/#breadcrumb","itemListElement":[{"@type":"ListItem","position":1,"name":"Home","item":"https:\/\/redprinceapple.ca\/fr\/accueil\/"},{"@type":"ListItem","position":2,"name":"Nos pommes"}]},{"@type":"WebSite","@id":"https:\/\/redprinceapple.ca\/#website","url":"https:\/\/redprinceapple.ca\/","name":"Red Prince Apple","description":"Taste at its Peak","potentialAction":[{"@type":"SearchAction","target":{"@type":"EntryPoint","urlTemplate":"https:\/\/redprinceapple.ca\/?s={search_term_string}"},"query-input":{"@type":"PropertyValueSpecification","valueRequired":true,"valueName":"search_term_string"}}],"inLanguage":"fr-FR"}]}},"_links":{"self":[{"href":"https:\/\/redprinceapple.ca\/fr\/wp-json\/wp\/v2\/pages\/5111","targetHints":{"allow":["GET"]}}],"collection":[{"href":"https:\/\/redprinceapple.ca\/fr\/wp-json\/wp\/v2\/pages"}],"about":[{"href":"https:\/\/redprinceapple.ca\/fr\/wp-json\/wp\/v2\/types\/page"}],"author":[{"embeddable":true,"href":"https:\/\/redprinceapple.ca\/fr\/wp-json\/wp\/v2\/users\/9"}],"replies":[{"embeddable":true,"href":"https:\/\/redprinceapple.ca\/fr\/wp-json\/wp\/v2\/comments?post=5111"}],"version-history":[{"count":6,"href":"https:\/\/redprinceapple.ca\/fr\/wp-json\/wp\/v2\/pages\/5111\/revisions"}],"predecessor-version":[{"id":5383,"href":"https:\/\/redprinceapple.ca\/fr\/wp-json\/wp\/v2\/pages\/5111\/revisions\/5383"}],"wp:attachment":[{"href":"https:\/\/redprinceapple.ca\/fr\/wp-json\/wp\/v2\/media?parent=5111"}],"curies":[{"name":"wp","href":"https:\/\/api.w.org\/{rel}","templated":true}]}}