{"id":5116,"date":"2015-02-11T17:46:23","date_gmt":"2015-02-11T22:46:23","guid":{"rendered":"http:\/\/redprinceapple.ca\/?page_id=5116"},"modified":"2015-02-20T20:07:24","modified_gmt":"2015-02-21T01:07:24","slug":"faq","status":"publish","type":"page","link":"https:\/\/redprinceapple.ca\/fr\/nos-pommes\/faq\/","title":{"rendered":"FAQ"},"content":{"rendered":"<p>[et_pb_section fullwidth=\u00a0\u00bbon\u00a0\u00bb specialty=\u00a0\u00bboff\u00a0\u00bb transparent_background=\u00a0\u00bboff\u00a0\u00bb background_color=\u00a0\u00bb#e2e2e2&Prime; inner_shadow=\u00a0\u00bbon\u00a0\u00bb parallax=\u00a0\u00bboff\u00a0\u00bb parallax_method=\u00a0\u00bboff\u00a0\u00bb background_image=\u00a0\u00bbhttps:\/\/redprinceapple.ca\/wp-content\/uploads\/2014\/12\/wood_skinny.jpg\u00a0\u00bb][et_pb_fullwidth_header admin_label=\u00a0\u00bbFullwidth Header\u00a0\u00bb title=\u00a0\u00bbFAQ\u00a0\u00bb subhead=\u00a0\u00bbVoici quelques questions que les gens nous posent souvent \u00e0 propos de la pomme Red Prince.\u00a0\u00bb background_layout=\u00a0\u00bbdark\u00a0\u00bb text_orientation=\u00a0\u00bbleft\u00a0\u00bb \/][\/et_pb_section][et_pb_section][et_pb_row][et_pb_column type=\u00a0\u00bb4_4&Prime;][et_pb_toggle admin_label=\u00a0\u00bbToggle\u00a0\u00bb title=\u00a0\u00bbQu\u2019est-ce qui distingue la pomme Red Prince des autres vari\u00e9t\u00e9s de pommes?\u00a0\u00bb open=\u00a0\u00bboff\u00a0\u00bb]<\/p>\n<p>La pomme Red Prince n\u2019est offerte que pendant un temps limit\u00e9. On peut se la procurer localement, de l\u2019hiver \u00e0 l\u2019\u00e9t\u00e9, alors que les autres pommes locales sont habituellement vendues tout de suite apr\u00e8s la r\u00e9colte, \u00e0 l\u2019automne. La pomme Red Prince est entrepos\u00e9e en cave de l\u2019automne \u00e0 la nouvelle ann\u00e9e, ce qui permet \u00e0 sa saveur et \u00e0 sa texture de se d\u00e9velopper pleinement. Sa peau d\u2019un beau rouge fonc\u00e9 indique une teneur \u00e9lev\u00e9e en antioxydants.<\/p>\n<p>Cette pomme offre une combinaison unique de saveurs \u2013 elle est sucr\u00e9e et juteuse comme la Golden Delicious, tout en ayant la texture croquante et le go\u00fbt acidul\u00e9 de la Jonathan.<\/p>\n<p>Un autre aspect qui distingue la pomme Red Prince est sa polyvalence. En effet, elle est d\u00e9licieuse \u00e0 croquer telle quelle, rehausse d\u00e9licieusement les salades et conserve sa texture \u00e0 la cuisson, en plus de pouvoir \u00eatre press\u00e9e en jus. Voil\u00e0 une v\u00e9ritable pomme \u00e0 tout faire.<\/p>\n<p>Et, pour bien des gens, la pomme Red Prince a l\u2019avantage l\u2019\u00eatre cultiv\u00e9e pr\u00e8s de chez eux. C\u2019est une pomme locale de l\u2019Ontario offerte de l\u2019hiver \u00e0 l\u2019\u00e9t\u00e9. Enfin, pour couronner le tout, elle demeure croquante pendant des semaines si elle est conserv\u00e9e au r\u00e9frig\u00e9rateur.<\/p>\n<p>[\/et_pb_toggle][et_pb_toggle admin_label=\u00a0\u00bbToggle\u00a0\u00bb title=\u00a0\u00bbQuelles sont les caract\u00e9ristiques de la pomme Red Prince?\u00a0\u00bb open=\u00a0\u00bboff\u00a0\u00bb]<\/p>\n<p>Les caract\u00e9ristiques les plus attrayantes de la pomme Red Prince sont sa peau rouge fonc\u00e9 et riche en nutriments, sa saveur sucr\u00e9e et acidul\u00e9e et sa polyvalence. Elle est d\u00e9licieuse \u00e0 croquer, dans les salades, cuite au four, saut\u00e9e et dans les soupes et les desserts cuits au four, ainsi que press\u00e9e en jus. En un mot, la pomme Red Prince est votre pomme \u00e0 tout faire.<\/p>\n<p>[\/et_pb_toggle][et_pb_toggle admin_label=\u00a0\u00bbToggle\u00a0\u00bb title=\u00a0\u00bbPourquoi n\u2019est-elle offerte qu\u2019\u00e0 l\u2019hiver, alors que les autres pommes sont m\u00fbres \u00e0 l\u2019automne?\u00a0\u00bb open=\u00a0\u00bboff\u00a0\u00bb]<\/p>\n<p>La pomme Red Prince est r\u00e9colt\u00e9e \u00e0 l\u2019automne, puis mise en cave pendant plusieurs mois, ce qui permet \u00e0 son intense saveur sucr\u00e9e et acidul\u00e9e de se d\u00e9velopper pleinement, de la m\u00eame fa\u00e7on qu\u2019un vin doit \u00eatre entrepos\u00e9 en cave pour vieillir.<\/p>\n<p>[\/et_pb_toggle][et_pb_toggle admin_label=\u00a0\u00bbToggle\u00a0\u00bb title=\u00a0\u00bbO\u00f9 puis-je acheter la pomme Red Prince?\u00a0\u00bb open=\u00a0\u00bboff\u00a0\u00bb]<\/p>\n<p>La pomme Red Prince \u00e9tant distribu\u00e9e \u00e0 bon nombre des principaux supermarch\u00e9s et magasins d\u2019alimentation au d\u00e9tail chaque ann\u00e9e, il y a de bonnes chances que vous puissiez la trouver pr\u00e8s de chez vous. Pour obtenir une liste mise \u00e0 jour des points de vente ou pour trouver la pomme Red Prince \u00e0 l\u2019aide de notre carte de recherche interactive, consultez notre page Points de vente.<\/p>\n<p>[\/et_pb_toggle][et_pb_toggle admin_label=\u00a0\u00bbToggle\u00a0\u00bb title=\u00a0\u00bbEst-il vrai qu\u2019une pomme par jour \u00e9loigne le m\u00e9decin pour toujours?\u00a0\u00bb open=\u00a0\u00bboff\u00a0\u00bb]<\/p>\n<p>Cela peut certainement aider! Comme l\u2019indique sa peau rouge vif, la pomme est riche en antioxydants, ce qui peut prot\u00e9ger votre organisme contre les dommages cellulaires. En plus d\u2019\u00eatre d\u00e9licieuse, la pomme est remplie de fibres, de prot\u00e9ines et d\u2019acides gras essentiels. Voil\u00e0 autant de bonnes raisons d\u2019en savourer une chaque jour! Cliquez ici pour obtenir <a title=\"La valeur nutritive\" href=\"https:\/\/redprinceapple.ca\/fr\/nos-pommes\/la-valeur-nutritive\/\">l\u2019information nutritionnelle.<\/a><\/p>\n<p>[\/et_pb_toggle][et_pb_toggle admin_label=\u00a0\u00bbToggle\u00a0\u00bb title=\u00a0\u00bbLa pomme Red Prince est-elle cultiv\u00e9e ailleurs au Canada?\u00a0\u00bb open=\u00a0\u00bboff\u00a0\u00bb]<\/p>\n<p>Non, elle est cultiv\u00e9e uniquement \u00e0 Thornbury, en Ontario. La superbe r\u00e9gion de vergers le long des rives de la baie Georgienne produit certains des plus beaux fruits qui soient.<\/p>\n<p>[\/et_pb_toggle][et_pb_toggle admin_label=\u00a0\u00bbToggle\u00a0\u00bb title=\u00a0\u00bbCette pomme est-elle biologique? Contient-elle des pesticides?\u00a0\u00bb open=\u00a0\u00bboff\u00a0\u00bb]<\/p>\n<p>La pomme Red Prince est cultiv\u00e9e d\u2019une fa\u00e7on durable et novatrice mettant fortement l\u2019accent sur une grande diminution de l\u2019application de pesticide. Pour plus d\u2019information sur les pratiques culturales de la pomme Red Prince, visitez notre <a title=\"M\u00e9thode de culture particuli\u00e8re\" href=\"https:\/\/redprinceapple.ca\/fr\/notre-histoire\/methode-de-culture-particuliere\/\">page Pratiques culturales.<\/a><\/p>\n<p>[\/et_pb_toggle][et_pb_toggle admin_label=\u00a0\u00bbToggle\u00a0\u00bb title=\u00a0\u00bbCette pomme est-elle modifi\u00e9e g\u00e9n\u00e9tiquement?\u00a0\u00bb open=\u00a0\u00bboff\u00a0\u00bb]<\/p>\n<p>Pas du tout. Comme bien d\u2019autres vari\u00e9t\u00e9s de pommes existant de nos jours, il s\u2019agit d\u2019un croisement naturel entre deux pommes, la Golden Delicious et la Red Jonathan. Elle a h\u00e9rit\u00e9 des meilleures qualit\u00e9s de ces deux vari\u00e9t\u00e9s, \u00e9tant sucr\u00e9e et juteuse comme la Golden Delicious, et merveilleusement croquante et acidul\u00e9e comme la Jonathan.<\/p>\n<p>[\/et_pb_toggle][et_pb_toggle admin_label=\u00a0\u00bbToggle\u00a0\u00bb title=\u00a0\u00bbQu\u2019est-ce que cette pomme a de si sp\u00e9cial?\u00a0\u00bb open=\u00a0\u00bboff\u00a0\u00bb]<\/p>\n<p>Comme l\u2019indique sa peau rouge fonc\u00e9, la pomme Red Prince est riche en antioxydants. De plus, elle offre une combinaison unique de saveurs \u2013 elle est sucr\u00e9e et juteuse comme la Golden Delicious, tout en ayant la texture merveilleusement croquante et le go\u00fbt acidul\u00e9 de la Jonathan. Elle se conserve bien, en gardant sa texture croquante. Cette pomme haut de gamme de l\u2019Ontario est offerte uniquement de l\u2019hiver \u00e0 l\u2019\u00e9t\u00e9. Le proc\u00e9d\u00e9 de vieillissement en cave unique de la pomme Red Prince la distingue de toutes les autres pommes haut de gamme. Cependant, la meilleure fa\u00e7on de r\u00e9pondre \u00e0 cette question est d\u2019en d\u00e9guster une vous-m\u00eame \u2013 vous comprendrez imm\u00e9diatement ce que nous voulons dire.<\/p>\n<p>[\/et_pb_toggle][et_pb_toggle admin_label=\u00a0\u00bbToggle\u00a0\u00bb title=\u00a0\u00bbQuel est le prix de d\u00e9tail de cette pomme?\u00a0\u00bb open=\u00a0\u00bboff\u00a0\u00bb]<\/p>\n<p>Il revient aux d\u00e9taillants d\u2019en fixer le prix, comme dans le cas de tous les autres produits. Toutefois, la pomme Red Prince est une pomme haut de gamme, donc son prix se rapprochera de celui des autres pommes haut de gamme vendues dans les magasins d\u2019alimentation.<\/p>\n<p>[\/et_pb_toggle][et_pb_toggle admin_label=\u00a0\u00bbToggle\u00a0\u00bb title=\u00a0\u00bbO\u00f9 peut-on trouver plus d\u2019information sur la pomme Red Prince?\u00a0\u00bb open=\u00a0\u00bboff\u00a0\u00bb]<\/p>\n<p>Notre site Web pr\u00e9sente de formidables id\u00e9es de recettes, l\u2019information nutritionnelle et des renseignements sur la fa\u00e7on dont cette pomme est cultiv\u00e9e. Vous pouvez \u00e9galement en apprendre davantage sur nos pages <a href=\"https:\/\/www.facebook.com\/RedPrinceApplehttp:\/\">Facebook<\/a>, <a href=\"https:\/\/twitter.com\/RedPrinceApple\">Twitter<\/a> et <a href=\"http:\/\/www.pinterest.com\/redprinceapple\/\">Pinterest<\/a>.<\/p>\n<p>[\/et_pb_toggle][et_pb_toggle admin_label=\u00a0\u00bbToggle\u00a0\u00bb title=\u00a0\u00bbPourquoi s\u2019appelle-t-elle la Red Prince? Quelle est l\u2019origine de ce nom?\u00a0\u00bb open=\u00a0\u00bboff\u00a0\u00bb]<\/p>\n<p>M. Princen \u00e9tait un cultivateur de la petite ville de Weert, situ\u00e9e pr\u00e8s de la fronti\u00e8re entre l\u2019Allemagne et les Pays-Bas, l\u00e0 o\u00f9 fut d\u00e9couvert ce splendide croisement naturel entre la Golden Delicious et la Red Jonathan. Inspir\u00e9 par la superbe couleur rouge fonc\u00e9 de cette pomme, il l\u2019a baptis\u00e9e \u00e0 partir de l\u2019adjectif \u00ab\u00a0Red\u00a0\u00bb, qui signifie rouge, et de son propre nom de famille, d\u2019o\u00f9 le nom Red Prince.<\/p>\n<p>[\/et_pb_toggle][et_pb_toggle admin_label=\u00a0\u00bbToggle\u00a0\u00bb title=\u00a0\u00bbQue dois-je rechercher en magasin pour trouver les pommes Red Prince?\u00a0\u00bb open=\u00a0\u00bboff\u00a0\u00bb]<\/p>\n<p>Pour voir ce \u00e0 quoi ressemblent les pommes Red Prince et leur emballage afin de les trouver facilement en magasin, visitez notre <a title=\"Nos Pommes\" href=\"https:\/\/redprinceapple.ca\/fr\/nos-pommes\/\">page Nos pommes.<\/a><\/p>\n<p>[\/et_pb_toggle][et_pb_toggle admin_label=\u00a0\u00bbToggle\u00a0\u00bb title=\u00a0\u00bbLa pomme Red Prince est-elle cultiv\u00e9e au moyen de pratiques durables?\u00a0\u00bb open=\u00a0\u00bboff\u00a0\u00bb]<\/p>\n<p>Oui! Nos <strong>vaporisateurs<\/strong> <strong>\u00e9co-tunnel<\/strong> r\u00e9duisent de 30\u00a0% la quantit\u00e9 de mati\u00e8re protectrice utilis\u00e9e. Lorsque ces vaporisateurs sont combin\u00e9s avec des syst\u00e8mes de plantation \u00e0 haute densit\u00e9, comme dans le cas de la Red Prince, ils r\u00e9duisent l\u2019utilisation de pesticide de 75\u00a0% par rapport aux vergers de pommiers conventionnels.<\/p>\n<p>De plus, notre m\u00e9thode d\u2019<strong>irrigation au goutte-\u00e0-goutte<\/strong> favorise la conservation de l\u2019eau.<\/p>\n<p>[\/et_pb_toggle][\/et_pb_column][\/et_pb_row][\/et_pb_section]<\/p>\n","protected":false},"excerpt":{"rendered":"<p><div class=\"et_pb_section et_pb_section_0 et_section_regular\" >\n\t\t\t\t\n\t\t\t\t\n\t\t\t\t\n\t\t\t\t\n\t\t\t\t\n\t\t\t\t\n\t\t\t\t\n\t\t\t\t\n\t\t\t\t\n\t\t\t<\/div><div class=\"et_pb_row et_pb_row_0 et_pb_row_empty\">\n\t\t\t\t\n\t\t\t\t\n\t\t\t\t\n\t\t\t\t\n\t\t\t\t\n\t\t\t<\/div> La pomme Red Prince n\u2019est offerte que pendant un temps limit\u00e9. On peut se la procurer localement, de l\u2019hiver \u00e0 l\u2019\u00e9t\u00e9, alors que les autres pommes locales sont habituellement vendues tout de suite apr\u00e8s la r\u00e9colte, \u00e0 l\u2019automne. La pomme Red Prince est entrepos\u00e9e en cave de l\u2019automne \u00e0 la nouvelle ann\u00e9e, ce qui [&hellip;]<\/p>\n","protected":false},"author":9,"featured_media":0,"parent":5111,"menu_order":20,"comment_status":"open","ping_status":"closed","template":"","meta":{"_et_pb_use_builder":"on","_et_pb_old_content":"<p>Some things people frequently ask us about the Red Prince.<\/p><p>\u00a0<\/p><p><strong>What is the difference between the Red Prince apple and other apple varieties?<\/strong><\/p><p>It is available for a limited time and is locally available from winter through to summer when other local apples are typically sold immediately following harvest in fall.<\/p><p>The Red Prince apple has a deep, red colour which indicates that it is high in antioxidants.<\/p><p>It has a very unique flavour combination \u2013 it is both sweet and juicy (like the Golden Delicious) and crisp and tangy (like the Jonathan).<\/p><p>It is also special because it is delicious eaten fresh on it\u2019s own or in salads but it is also great cooked, baked or juiced.<\/p><p>What\u2019s really exciting about the Red Prince is that it is a local Ontario apple available from winter through to summer that stays crisp for weeks if stored in the fridge.<\/p><p><strong>\u00a0<\/strong><\/p><p><strong>What are the characteristics of the Red Prince apple?<\/strong><\/p><p>The Red Prince apple is characterized by its nutrient-rich red skin and tangy-sweet flavour. It is ideal to be eaten fresh, in salads, cooked or in baked goods.<\/p><p><strong>\u00a0<\/strong><\/p><p><strong>How is it available in the winter when other apples are ripe in the fall?<\/strong><\/p><p>The Red Prince apple is harvested in the fall and must be cellared for several months, allowing it to fully develop its robust, tangy-sweet flavour. This is similar to how wines must be cellared to mature.<\/p><p><strong>\u00a0<\/strong><\/p><p><strong>Where can I buy Red Prince apples?<\/strong><\/p><p>For an up to date list of stores, view our <a href=\"https:\/\/redprinceapple.ca\/where-to-buy\/\">Where to Buy<\/a> page.<\/p><p><strong>\u00a0<\/strong><\/p><p><strong>Is it true an apple a day keeps the doctor away?<\/strong><\/p><p>It can certainly help! Indicated by its rich red skin, the apple is high in antioxidants which act in the body to protect harmful cell damage. They are delicious and packed with fibre, protein and essential fatty acids. Click here for <a href=\"https:\/\/redprinceapple.ca\/media\/nutrition-backgrounder\/\">nutritional information<\/a>.<\/p><p><strong>\u00a0<\/strong><\/p><p><strong>Are the Red Prince apples grown anywhere else in Canada?<\/strong><\/p><p>No, they are grown exclusively in Thornbury, Ontario.<\/p><p><strong>\u00a0<\/strong><\/p><p><strong>Is this apple organic? Does it contain pesticides?<\/strong><\/p><p>Red Prince apples are grown in a uniquely sustainable and innovative fashion. For more information on Red Prince apple\u2019s growing practices, view our <a href=\"https:\/\/redprinceapple.ca\/faq\/growing-practices\/\">growing practices page.<\/a><\/p><p><strong>\u00a0<\/strong><\/p><p><strong>Is the apple genetically modified?<\/strong><\/p><p>Absolutely not. Like many other apple varieties we have today, it is a natural cross between two apples: Golden Delicious and a Red Jonathan and has inherited the best properties of both. It is sweet and juicy like the Golden Delicious and is wonderfully crisp and tangy like the Jonathan.<\/p><p><strong>\u00a0<\/strong><\/p><p><strong>What is so special about this apple?<\/strong><\/p><p>As indicated by its deep red skin, the Red Prince apple is high in antioxidants and it has a very unique flavour combination \u2013 it is sweet and juicy like the Golden Delicious and is wonderfully crisp and tangy like the Jonathan. It stores well, retaining its crisp texture and is an Ontario apple available that is available only from winter through to summer.<\/p><p><strong>\u00a0<\/strong><\/p><p><strong>How much does the apple cost (retail)?<\/strong><\/p><p>It is up to retailers to decide pricing much like any other product. However, it is a premium apple so is priced similar to other premium apples in any grocery store.<\/p><p><strong>\u00a0<\/strong><\/p><p><strong>Where can people go to learn more about the Red Prince apple?<\/strong><\/p><p>Our website has great recipe ideas, nutrition and how the apples are grown. Additional areas to learn more are our <a href=\"https:\/\/www.facebook.com\/RedPrinceApplehttp:\/\">facebook<\/a>, <a href=\"https:\/\/twitter.com\/RedPrinceApple\">twitter<\/a> and <a href=\"http:\/\/www.pinterest.com\/redprinceapple\/\">pinterest<\/a> sites.<\/p><p><strong>\u00a0<\/strong><\/p><p><strong>Why is it called the Red Prince? What is the origin of its name?<\/strong><\/p><p>The grower who discovered the apple was inspired by the deep, red colour. The Prince is from a small town called Weert, near the German-Holland border, which is where this apple was originally discovered.<\/p><p>\u00a0<\/p><p>\u00a0<\/p><p>\u00a0<\/p>","_et_gb_content_width":"","footnotes":""},"class_list":["post-5116","page","type-page","status-publish","hentry"],"yoast_head":"<!-- This site is optimized with the Yoast SEO plugin v27.2 - https:\/\/yoast.com\/product\/yoast-seo-wordpress\/ -->\n<title>FAQ - Red Prince Apple<\/title>\n<meta name=\"robots\" content=\"index, follow, max-snippet:-1, max-image-preview:large, max-video-preview:-1\" \/>\n<link rel=\"canonical\" href=\"https:\/\/redprinceapple.ca\/apples\/faq\/\" \/>\n<meta property=\"og:locale\" content=\"fr_FR\" \/>\n<meta property=\"og:type\" content=\"article\" \/>\n<meta property=\"og:title\" content=\"FAQ - Red Prince Apple\" \/>\n<meta property=\"og:description\" content=\"La pomme Red Prince n\u2019est offerte que pendant un temps limit\u00e9. On peut se la procurer localement, de l\u2019hiver \u00e0 l\u2019\u00e9t\u00e9, alors que les autres pommes locales sont habituellement vendues tout de suite apr\u00e8s la r\u00e9colte, \u00e0 l\u2019automne. La pomme Red Prince est entrepos\u00e9e en cave de l\u2019automne \u00e0 la nouvelle ann\u00e9e, ce qui [&hellip;]\" \/>\n<meta property=\"og:url\" content=\"https:\/\/redprinceapple.ca\/apples\/faq\/\" \/>\n<meta property=\"og:site_name\" content=\"Red Prince Apple\" \/>\n<meta property=\"article:modified_time\" content=\"2015-02-21T01:07:24+00:00\" \/>\n<meta name=\"twitter:label1\" content=\"Dur\u00e9e de lecture estim\u00e9e\" \/>\n\t<meta name=\"twitter:data1\" content=\"7 minutes\" \/>\n<script type=\"application\/ld+json\" class=\"yoast-schema-graph\">{\"@context\":\"https:\/\/schema.org\",\"@graph\":[{\"@type\":\"WebPage\",\"@id\":\"https:\/\/redprinceapple.ca\/apples\/faq\/\",\"url\":\"https:\/\/redprinceapple.ca\/apples\/faq\/\",\"name\":\"FAQ - Red Prince Apple\",\"isPartOf\":{\"@id\":\"https:\/\/redprinceapple.ca\/#website\"},\"datePublished\":\"2015-02-11T22:46:23+00:00\",\"dateModified\":\"2015-02-21T01:07:24+00:00\",\"breadcrumb\":{\"@id\":\"https:\/\/redprinceapple.ca\/apples\/faq\/#breadcrumb\"},\"inLanguage\":\"fr-FR\",\"potentialAction\":[{\"@type\":\"ReadAction\",\"target\":[\"https:\/\/redprinceapple.ca\/apples\/faq\/\"]}]},{\"@type\":\"BreadcrumbList\",\"@id\":\"https:\/\/redprinceapple.ca\/apples\/faq\/#breadcrumb\",\"itemListElement\":[{\"@type\":\"ListItem\",\"position\":1,\"name\":\"Home\",\"item\":\"https:\/\/redprinceapple.ca\/fr\/accueil\/\"},{\"@type\":\"ListItem\",\"position\":2,\"name\":\"Nos pommes\",\"item\":\"https:\/\/redprinceapple.ca\/apples\/\"},{\"@type\":\"ListItem\",\"position\":3,\"name\":\"FAQ\"}]},{\"@type\":\"WebSite\",\"@id\":\"https:\/\/redprinceapple.ca\/#website\",\"url\":\"https:\/\/redprinceapple.ca\/\",\"name\":\"Red Prince Apple\",\"description\":\"Taste at its Peak\",\"potentialAction\":[{\"@type\":\"SearchAction\",\"target\":{\"@type\":\"EntryPoint\",\"urlTemplate\":\"https:\/\/redprinceapple.ca\/?s={search_term_string}\"},\"query-input\":{\"@type\":\"PropertyValueSpecification\",\"valueRequired\":true,\"valueName\":\"search_term_string\"}}],\"inLanguage\":\"fr-FR\"}]}<\/script>\n<!-- \/ Yoast SEO plugin. -->","yoast_head_json":{"title":"FAQ - Red Prince Apple","robots":{"index":"index","follow":"follow","max-snippet":"max-snippet:-1","max-image-preview":"max-image-preview:large","max-video-preview":"max-video-preview:-1"},"canonical":"https:\/\/redprinceapple.ca\/apples\/faq\/","og_locale":"fr_FR","og_type":"article","og_title":"FAQ - Red Prince Apple","og_description":"La pomme Red Prince n\u2019est offerte que pendant un temps limit\u00e9. On peut se la procurer localement, de l\u2019hiver \u00e0 l\u2019\u00e9t\u00e9, alors que les autres pommes locales sont habituellement vendues tout de suite apr\u00e8s la r\u00e9colte, \u00e0 l\u2019automne. La pomme Red Prince est entrepos\u00e9e en cave de l\u2019automne \u00e0 la nouvelle ann\u00e9e, ce qui [&hellip;]","og_url":"https:\/\/redprinceapple.ca\/apples\/faq\/","og_site_name":"Red Prince Apple","article_modified_time":"2015-02-21T01:07:24+00:00","twitter_misc":{"Dur\u00e9e de lecture estim\u00e9e":"7 minutes"},"schema":{"@context":"https:\/\/schema.org","@graph":[{"@type":"WebPage","@id":"https:\/\/redprinceapple.ca\/apples\/faq\/","url":"https:\/\/redprinceapple.ca\/apples\/faq\/","name":"FAQ - Red Prince Apple","isPartOf":{"@id":"https:\/\/redprinceapple.ca\/#website"},"datePublished":"2015-02-11T22:46:23+00:00","dateModified":"2015-02-21T01:07:24+00:00","breadcrumb":{"@id":"https:\/\/redprinceapple.ca\/apples\/faq\/#breadcrumb"},"inLanguage":"fr-FR","potentialAction":[{"@type":"ReadAction","target":["https:\/\/redprinceapple.ca\/apples\/faq\/"]}]},{"@type":"BreadcrumbList","@id":"https:\/\/redprinceapple.ca\/apples\/faq\/#breadcrumb","itemListElement":[{"@type":"ListItem","position":1,"name":"Home","item":"https:\/\/redprinceapple.ca\/fr\/accueil\/"},{"@type":"ListItem","position":2,"name":"Nos pommes","item":"https:\/\/redprinceapple.ca\/apples\/"},{"@type":"ListItem","position":3,"name":"FAQ"}]},{"@type":"WebSite","@id":"https:\/\/redprinceapple.ca\/#website","url":"https:\/\/redprinceapple.ca\/","name":"Red Prince Apple","description":"Taste at its Peak","potentialAction":[{"@type":"SearchAction","target":{"@type":"EntryPoint","urlTemplate":"https:\/\/redprinceapple.ca\/?s={search_term_string}"},"query-input":{"@type":"PropertyValueSpecification","valueRequired":true,"valueName":"search_term_string"}}],"inLanguage":"fr-FR"}]}},"_links":{"self":[{"href":"https:\/\/redprinceapple.ca\/fr\/wp-json\/wp\/v2\/pages\/5116","targetHints":{"allow":["GET"]}}],"collection":[{"href":"https:\/\/redprinceapple.ca\/fr\/wp-json\/wp\/v2\/pages"}],"about":[{"href":"https:\/\/redprinceapple.ca\/fr\/wp-json\/wp\/v2\/types\/page"}],"author":[{"embeddable":true,"href":"https:\/\/redprinceapple.ca\/fr\/wp-json\/wp\/v2\/users\/9"}],"replies":[{"embeddable":true,"href":"https:\/\/redprinceapple.ca\/fr\/wp-json\/wp\/v2\/comments?post=5116"}],"version-history":[{"count":6,"href":"https:\/\/redprinceapple.ca\/fr\/wp-json\/wp\/v2\/pages\/5116\/revisions"}],"predecessor-version":[{"id":5381,"href":"https:\/\/redprinceapple.ca\/fr\/wp-json\/wp\/v2\/pages\/5116\/revisions\/5381"}],"up":[{"embeddable":true,"href":"https:\/\/redprinceapple.ca\/fr\/wp-json\/wp\/v2\/pages\/5111"}],"wp:attachment":[{"href":"https:\/\/redprinceapple.ca\/fr\/wp-json\/wp\/v2\/media?parent=5116"}],"curies":[{"name":"wp","href":"https:\/\/api.w.org\/{rel}","templated":true}]}}