{"id":5153,"date":"2015-02-12T12:44:23","date_gmt":"2015-02-12T17:44:23","guid":{"rendered":"http:\/\/redprinceapple.ca\/?page_id=5153"},"modified":"2015-02-20T20:07:37","modified_gmt":"2015-02-21T01:07:37","slug":"notre-histoire","status":"publish","type":"page","link":"https:\/\/redprinceapple.ca\/fr\/notre-histoire\/","title":{"rendered":"Notre histoire"},"content":{"rendered":"<p>[et_pb_section fullwidth=\u00a0\u00bbon\u00a0\u00bb specialty=\u00a0\u00bboff\u00a0\u00bb transparent_background=\u00a0\u00bboff\u00a0\u00bb background_color=\u00a0\u00bb#dd0000&Prime; inner_shadow=\u00a0\u00bbon\u00a0\u00bb parallax=\u00a0\u00bboff\u00a0\u00bb parallax_method=\u00a0\u00bboff\u00a0\u00bb background_image=\u00a0\u00bbhttps:\/\/redprinceapple.ca\/wp-content\/uploads\/2014\/12\/wood_skinny.jpg\u00a0\u00bb][et_pb_fullwidth_header admin_label=\u00a0\u00bbFullwidth Header\u00a0\u00bb title=\u00a0\u00bbNOTRE HISTOIRE\u00a0\u00bb background_layout=\u00a0\u00bbdark\u00a0\u00bb text_orientation=\u00a0\u00bbleft\u00a0\u00bb \/][\/et_pb_section][et_pb_section][et_pb_row][et_pb_column type=\u00a0\u00bb1_3&Prime;][et_pb_image admin_label=\u00a0\u00bbImage\u00a0\u00bb src=\u00a0\u00bbhttps:\/\/redprinceapple.ca\/wp-content\/uploads\/2014\/12\/apple.png\u00a0\u00bb show_in_lightbox=\u00a0\u00bboff\u00a0\u00bb url_new_window=\u00a0\u00bboff\u00a0\u00bb animation=\u00a0\u00bbleft\u00a0\u00bb sticky=\u00a0\u00bboff\u00a0\u00bb \/][\/et_pb_column][et_pb_column type=\u00a0\u00bb2_3&Prime;][et_pb_text admin_label=\u00a0\u00bbText\u00a0\u00bb background_layout=\u00a0\u00bblight\u00a0\u00bb text_orientation=\u00a0\u00bbleft\u00a0\u00bb]<\/p>\n<p>&nbsp;<\/p>\n<h2>La passion de la Red Prince<\/h2>\n<p>Irma et Marius Botden sont n\u00e9s et ont grandi aux Pays-Bas, o\u00f9 ils ont r\u00e9alis\u00e9 leur r\u00eave entrepreneurial en mettant sur pied leur propre p\u00e9pini\u00e8re d\u2019arbres fruitiers. Avec leur exp\u00e9rience en Europe, ils ont rep\u00e9r\u00e9 une possibilit\u00e9 d\u2019\u00e9largir leur entreprise et ont immigr\u00e9 au Canada. Avant de quitter les Pays-Bas, ils ont n\u00e9goci\u00e9 le droit d\u2019\u00eatre les cultivateurs exclusifs de la pomme Red Prince au pays.<\/p>\n<p>De nos jours, 100\u00a0000 caisses de pommes Red Prince partent chaque ann\u00e9e de Thornbury, en Ontario, le long des rives de la baie Georgienne. Lorsque nous savons qu\u2019elles sont arriv\u00e9es \u00e0 votre supermarch\u00e9 local, que vous les avez choisies avec soin et d\u00e9gust\u00e9es, nous savons que notre dur labeur a port\u00e9 fruit. C\u2019est \u00e0 ce moment que nous pouvons nous reposer \u2013 jusqu\u2019\u00e0 l\u2019ann\u00e9e suivante, bien entendu.<\/p>\n<p>[\/et_pb_text][\/et_pb_column][\/et_pb_row][et_pb_row][et_pb_column type=\u00a0\u00bb1_2&Prime;][et_pb_cta admin_label=\u00a0\u00bbCall To Action\u00a0\u00bb use_background_color=\u00a0\u00bboff\u00a0\u00bb background_layout=\u00a0\u00bblight\u00a0\u00bb text_orientation=\u00a0\u00bbcenter\u00a0\u00bb button_text=\u00a0\u00bbEn savoir plus\u00a0\u00bb background_color=\u00a0\u00bb#b20b0a\u00a0\u00bb button_url=\u00a0\u00bbhttp:\/\/pommeredprince.ca\/nos-pommes\/faq\/\u00a0\u00bb title=\u00a0\u00bbApprenez \u00e0 conna\u00eetre la pomme Red Prince.\u00a0\u00bb]<\/p>\n<p>&nbsp;<\/p>\n<p>Qu\u2019aimeriez-vous savoir d\u2019autre \u00e0 propos de la pomme Red Prince? Vous trouverez peut-\u00eatre la r\u00e9ponse dans notre FAQ.<\/p>\n<p>&nbsp;<\/p>\n<p>[\/et_pb_cta][\/et_pb_column][et_pb_column type=\u00a0\u00bb1_2&Prime;][et_pb_cta admin_label=\u00a0\u00bbCall To Action\u00a0\u00bb use_background_color=\u00a0\u00bboff\u00a0\u00bb background_layout=\u00a0\u00bblight\u00a0\u00bb text_orientation=\u00a0\u00bbcenter\u00a0\u00bb button_text=\u00a0\u00bbRecettes\u00a0\u00bb background_color=\u00a0\u00bb#b20b0a\u00a0\u00bb button_url=\u00a0\u00bbhttp:\/\/pommeredprince.ca\/recettes\/\u00a0\u00bb title=\u00a0\u00bbRafra\u00eechissez votre r\u00e9pertoire de recettes\u00a0\u00bb]<\/p>\n<p>&nbsp;<\/p>\n<p>Si vous ou une personne de votre entourage aimez cuisiner, la pomme Red Prince est pour vous. Elle est d\u00e9licieuse \u00e0 croquer telle quelle, ainsi que cuite au four, grill\u00e9e, saut\u00e9e, en compote, dans les soupes et press\u00e9e en jus. Laissez-vous inspirer par nos recettes irr\u00e9sistibles.<\/p>\n<p>&nbsp;<\/p>\n<p>[\/et_pb_cta][\/et_pb_column][\/et_pb_row][\/et_pb_section]<\/p>\n","protected":false},"excerpt":{"rendered":"<p><div class=\"et_pb_section et_pb_section_0 et_section_regular\" >\n\t\t\t\t\n\t\t\t\t\n\t\t\t\t\n\t\t\t\t\n\t\t\t\t\n\t\t\t\t\n\t\t\t\t\n\t\t\t\t\n\t\t\t\t\n\t\t\t<\/div><div class=\"et_pb_row et_pb_row_0 et_pb_row_empty\">\n\t\t\t\t\n\t\t\t\t\n\t\t\t\t\n\t\t\t\t\n\t\t\t\t\n\t\t\t<\/div> &nbsp; La passion de la Red Prince Irma et Marius Botden sont n\u00e9s et ont grandi aux Pays-Bas, o\u00f9 ils ont r\u00e9alis\u00e9 leur r\u00eave entrepreneurial en mettant sur pied leur propre p\u00e9pini\u00e8re d\u2019arbres fruitiers. Avec leur exp\u00e9rience en Europe, ils ont rep\u00e9r\u00e9 une possibilit\u00e9 d\u2019\u00e9largir leur entreprise et ont immigr\u00e9 au Canada. Avant de [&hellip;]<\/p>\n","protected":false},"author":9,"featured_media":0,"parent":0,"menu_order":20,"comment_status":"open","ping_status":"closed","template":"","meta":{"_et_pb_use_builder":"on","_et_pb_old_content":"<h2><strong>The Red Prince Passion<\/strong><\/h2><p>Irma and Marius Botden were born and raised in the Netherlands, where they chased their entrepreneurial dream started their own fruit orchard. With their experience in Europe, they saw the opportunity to expand their business and immigrated to Canada. Before they did, they negotiated the rights to be the exclusive growers of Red Prince apples in the country.<\/p><p>Now, 100,000 cases of Red Prince apples leave Thornbury, Ontario along the shores of Georgian Bay every year. When we know they\u2019ve arrived in your local supermarket, been handpicked and enjoyed by you, that\u2019s when we know our hard work has paid off. That\u2019s when we can rest easy - until next year, of course.<\/p>","_et_gb_content_width":"","footnotes":""},"class_list":["post-5153","page","type-page","status-publish","hentry"],"yoast_head":"<!-- This site is optimized with the Yoast SEO plugin v27.2 - https:\/\/yoast.com\/product\/yoast-seo-wordpress\/ -->\n<title>Notre histoire - Red Prince Apple<\/title>\n<meta name=\"robots\" content=\"index, follow, max-snippet:-1, max-image-preview:large, max-video-preview:-1\" \/>\n<link rel=\"canonical\" href=\"https:\/\/redprinceapple.ca\/story\/\" \/>\n<meta property=\"og:locale\" content=\"fr_FR\" \/>\n<meta property=\"og:type\" content=\"article\" \/>\n<meta property=\"og:title\" content=\"Notre histoire - Red Prince Apple\" \/>\n<meta property=\"og:description\" content=\"&nbsp; La passion de la Red Prince Irma et Marius Botden sont n\u00e9s et ont grandi aux Pays-Bas, o\u00f9 ils ont r\u00e9alis\u00e9 leur r\u00eave entrepreneurial en mettant sur pied leur propre p\u00e9pini\u00e8re d\u2019arbres fruitiers. Avec leur exp\u00e9rience en Europe, ils ont rep\u00e9r\u00e9 une possibilit\u00e9 d\u2019\u00e9largir leur entreprise et ont immigr\u00e9 au Canada. Avant de [&hellip;]\" \/>\n<meta property=\"og:url\" content=\"https:\/\/redprinceapple.ca\/story\/\" \/>\n<meta property=\"og:site_name\" content=\"Red Prince Apple\" \/>\n<meta property=\"article:modified_time\" content=\"2015-02-21T01:07:37+00:00\" \/>\n<meta name=\"twitter:label1\" content=\"Dur\u00e9e de lecture estim\u00e9e\" \/>\n\t<meta name=\"twitter:data1\" content=\"2 minutes\" \/>\n<script type=\"application\/ld+json\" class=\"yoast-schema-graph\">{\"@context\":\"https:\/\/schema.org\",\"@graph\":[{\"@type\":\"WebPage\",\"@id\":\"https:\/\/redprinceapple.ca\/story\/\",\"url\":\"https:\/\/redprinceapple.ca\/story\/\",\"name\":\"Notre histoire - Red Prince Apple\",\"isPartOf\":{\"@id\":\"https:\/\/redprinceapple.ca\/#website\"},\"datePublished\":\"2015-02-12T17:44:23+00:00\",\"dateModified\":\"2015-02-21T01:07:37+00:00\",\"breadcrumb\":{\"@id\":\"https:\/\/redprinceapple.ca\/story\/#breadcrumb\"},\"inLanguage\":\"fr-FR\",\"potentialAction\":[{\"@type\":\"ReadAction\",\"target\":[\"https:\/\/redprinceapple.ca\/story\/\"]}]},{\"@type\":\"BreadcrumbList\",\"@id\":\"https:\/\/redprinceapple.ca\/story\/#breadcrumb\",\"itemListElement\":[{\"@type\":\"ListItem\",\"position\":1,\"name\":\"Home\",\"item\":\"https:\/\/redprinceapple.ca\/fr\/accueil\/\"},{\"@type\":\"ListItem\",\"position\":2,\"name\":\"Notre histoire\"}]},{\"@type\":\"WebSite\",\"@id\":\"https:\/\/redprinceapple.ca\/#website\",\"url\":\"https:\/\/redprinceapple.ca\/\",\"name\":\"Red Prince Apple\",\"description\":\"Taste at its Peak\",\"potentialAction\":[{\"@type\":\"SearchAction\",\"target\":{\"@type\":\"EntryPoint\",\"urlTemplate\":\"https:\/\/redprinceapple.ca\/?s={search_term_string}\"},\"query-input\":{\"@type\":\"PropertyValueSpecification\",\"valueRequired\":true,\"valueName\":\"search_term_string\"}}],\"inLanguage\":\"fr-FR\"}]}<\/script>\n<!-- \/ Yoast SEO plugin. -->","yoast_head_json":{"title":"Notre histoire - Red Prince Apple","robots":{"index":"index","follow":"follow","max-snippet":"max-snippet:-1","max-image-preview":"max-image-preview:large","max-video-preview":"max-video-preview:-1"},"canonical":"https:\/\/redprinceapple.ca\/story\/","og_locale":"fr_FR","og_type":"article","og_title":"Notre histoire - Red Prince Apple","og_description":"&nbsp; La passion de la Red Prince Irma et Marius Botden sont n\u00e9s et ont grandi aux Pays-Bas, o\u00f9 ils ont r\u00e9alis\u00e9 leur r\u00eave entrepreneurial en mettant sur pied leur propre p\u00e9pini\u00e8re d\u2019arbres fruitiers. Avec leur exp\u00e9rience en Europe, ils ont rep\u00e9r\u00e9 une possibilit\u00e9 d\u2019\u00e9largir leur entreprise et ont immigr\u00e9 au Canada. Avant de [&hellip;]","og_url":"https:\/\/redprinceapple.ca\/story\/","og_site_name":"Red Prince Apple","article_modified_time":"2015-02-21T01:07:37+00:00","twitter_misc":{"Dur\u00e9e de lecture estim\u00e9e":"2 minutes"},"schema":{"@context":"https:\/\/schema.org","@graph":[{"@type":"WebPage","@id":"https:\/\/redprinceapple.ca\/story\/","url":"https:\/\/redprinceapple.ca\/story\/","name":"Notre histoire - Red Prince Apple","isPartOf":{"@id":"https:\/\/redprinceapple.ca\/#website"},"datePublished":"2015-02-12T17:44:23+00:00","dateModified":"2015-02-21T01:07:37+00:00","breadcrumb":{"@id":"https:\/\/redprinceapple.ca\/story\/#breadcrumb"},"inLanguage":"fr-FR","potentialAction":[{"@type":"ReadAction","target":["https:\/\/redprinceapple.ca\/story\/"]}]},{"@type":"BreadcrumbList","@id":"https:\/\/redprinceapple.ca\/story\/#breadcrumb","itemListElement":[{"@type":"ListItem","position":1,"name":"Home","item":"https:\/\/redprinceapple.ca\/fr\/accueil\/"},{"@type":"ListItem","position":2,"name":"Notre histoire"}]},{"@type":"WebSite","@id":"https:\/\/redprinceapple.ca\/#website","url":"https:\/\/redprinceapple.ca\/","name":"Red Prince Apple","description":"Taste at its Peak","potentialAction":[{"@type":"SearchAction","target":{"@type":"EntryPoint","urlTemplate":"https:\/\/redprinceapple.ca\/?s={search_term_string}"},"query-input":{"@type":"PropertyValueSpecification","valueRequired":true,"valueName":"search_term_string"}}],"inLanguage":"fr-FR"}]}},"_links":{"self":[{"href":"https:\/\/redprinceapple.ca\/fr\/wp-json\/wp\/v2\/pages\/5153","targetHints":{"allow":["GET"]}}],"collection":[{"href":"https:\/\/redprinceapple.ca\/fr\/wp-json\/wp\/v2\/pages"}],"about":[{"href":"https:\/\/redprinceapple.ca\/fr\/wp-json\/wp\/v2\/types\/page"}],"author":[{"embeddable":true,"href":"https:\/\/redprinceapple.ca\/fr\/wp-json\/wp\/v2\/users\/9"}],"replies":[{"embeddable":true,"href":"https:\/\/redprinceapple.ca\/fr\/wp-json\/wp\/v2\/comments?post=5153"}],"version-history":[{"count":4,"href":"https:\/\/redprinceapple.ca\/fr\/wp-json\/wp\/v2\/pages\/5153\/revisions"}],"predecessor-version":[{"id":5382,"href":"https:\/\/redprinceapple.ca\/fr\/wp-json\/wp\/v2\/pages\/5153\/revisions\/5382"}],"wp:attachment":[{"href":"https:\/\/redprinceapple.ca\/fr\/wp-json\/wp\/v2\/media?parent=5153"}],"curies":[{"name":"wp","href":"https:\/\/api.w.org\/{rel}","templated":true}]}}