{"id":5157,"date":"2015-02-12T12:50:28","date_gmt":"2015-02-12T17:50:28","guid":{"rendered":"http:\/\/redprinceapple.ca\/?page_id=5157"},"modified":"2015-02-20T19:55:34","modified_gmt":"2015-02-21T00:55:34","slug":"a-propos-des-cultivateurs","status":"publish","type":"page","link":"https:\/\/redprinceapple.ca\/fr\/notre-histoire\/a-propos-des-cultivateurs\/","title":{"rendered":"\u00c0 propos des cultivateurs"},"content":{"rendered":"<p>[et_pb_section fullwidth=\u00a0\u00bbon\u00a0\u00bb specialty=\u00a0\u00bboff\u00a0\u00bb background_image=\u00a0\u00bbhttps:\/\/redprinceapple.ca\/wp-content\/uploads\/2014\/12\/wood_skinny.jpg\u00a0\u00bb transparent_background=\u00a0\u00bboff\u00a0\u00bb background_color=\u00a0\u00bb#ffffff\u00a0\u00bb inner_shadow=\u00a0\u00bbon\u00a0\u00bb parallax=\u00a0\u00bboff\u00a0\u00bb parallax_method=\u00a0\u00bboff\u00a0\u00bb][et_pb_fullwidth_header admin_label=\u00a0\u00bbFullwidth Header\u00a0\u00bb title=\u00a0\u00bb\u00c0 propos des cultivateurs\u00a0\u00bb background_layout=\u00a0\u00bbdark\u00a0\u00bb text_orientation=\u00a0\u00bbleft\u00a0\u00bb \/][\/et_pb_section][et_pb_section][et_pb_row][et_pb_column type=\u00a0\u00bb4_4&Prime;][et_pb_text admin_label=\u00a0\u00bbText\u00a0\u00bb background_layout=\u00a0\u00bblight\u00a0\u00bb text_orientation=\u00a0\u00bbleft\u00a0\u00bb]<\/p>\n<p>&nbsp;<\/p>\n<h2>Les Botden \u2013 une aventure n\u00e9e d\u2019une pomme.<\/h2>\n<p>Les Botden sont n\u00e9s aux Pays-Bas, o\u00f9 Irma Botden a \u00e9tudi\u00e9 la p\u00e9dagogie sociale et travaill\u00e9 dans le secteur des soins de sant\u00e9 pendant de nombreuses ann\u00e9es. De son c\u00f4t\u00e9, Marius Botden, qui s\u2019est tr\u00e8s t\u00f4t int\u00e9ress\u00e9 \u00e0 la gestion des vergers, a entrepris un baccalaur\u00e9at en horticulture, avec une sp\u00e9cialisation en culture fruiti\u00e8re. D\u00e9sireux d\u2019en apprendre le plus possible, il a acquis de l\u2019exp\u00e9rience en travaillant dans des jardineries et des entreprises d\u2019am\u00e9nagement paysager.<\/p>\n<p>&nbsp;<\/p>\n<p>[\/et_pb_text][\/et_pb_column][\/et_pb_row][et_pb_row][et_pb_column type=\u00a0\u00bb1_3&Prime;][et_pb_image admin_label=\u00a0\u00bbImage\u00a0\u00bb src=\u00a0\u00bbhttps:\/\/redprinceapple.ca\/wp-content\/uploads\/2014\/12\/About-The-Growers-2.jpg\u00a0\u00bb alt=\u00a0\u00bbThe Botdens\u00a0\u00bb title_text=\u00a0\u00bbThe Botdens\u00a0\u00bb show_in_lightbox=\u00a0\u00bbon\u00a0\u00bb url_new_window=\u00a0\u00bboff\u00a0\u00bb animation=\u00a0\u00bbleft\u00a0\u00bb sticky=\u00a0\u00bboff\u00a0\u00bb \/][\/et_pb_column][et_pb_column type=\u00a0\u00bb2_3&Prime;][et_pb_text admin_label=\u00a0\u00bbText\u00a0\u00bb background_layout=\u00a0\u00bblight\u00a0\u00bb text_orientation=\u00a0\u00bbleft\u00a0\u00bb]<\/p>\n<p>&nbsp;<\/p>\n<p>Apr\u00e8s son mariage, le couple d\u2019entrepreneurs a mis sur pied sa propre p\u00e9pini\u00e8re d\u2019arbres fruitiers et Irma a approfondi ses connaissances en s\u2019inscrivant \u00e0 un cours d\u2019entretien des vergers. Inutile de dire que les Botden sont une v\u00e9ritable mine de connaissances dans ce domaine qui les passionne. En 2001, souhaitant relever de nouveaux d\u00e9fis et \u00e9largir leur entreprise, ils ont d\u00e9cid\u00e9 d\u2019immigrer au Canada, persuad\u00e9s que ce pays leur offrait la meilleure possibilit\u00e9 de r\u00e9ussite, mais \u00e9galement s\u00e9duits par ses vastes espaces et sa riche mosa\u00efque culturelle.<\/p>\n<p>&nbsp;<\/p>\n<p>Les Botden, avant de quitter les Pays-Bas, ont n\u00e9goci\u00e9 le droit de devenir les cultivateurs exclusifs de la pomme Red Prince au Canada et ont import\u00e9 des porte-greffes de leur p\u00e9pini\u00e8re de Hollande. En 2001, ils sont devenus copropri\u00e9taires de Global Fruit et, depuis, ils se consacrent \u00e0 la d\u00e9couverte et \u00e0 l\u2019implantation continuelles de technologies agricoles novatrices et des meilleures pratiques de production et de gestion des pommes.<\/p>\n<p>&nbsp;<\/p>\n<p>En ao\u00fbt 2013, avec l\u2019acquisition de Binkley Apples, l\u2019entreprise des Botden est devenue une entreprise pleinement int\u00e9gr\u00e9e de culture, de conditionnement et d\u2019exp\u00e9dition.<\/p>\n<p>&nbsp;<\/p>\n<p>Croquez une pomme Red Prince et d\u00e9couvrez la saveur unique et exquise d\u00e9coulant d\u2019ann\u00e9es de passion et de travail acharn\u00e9.<\/p>\n<p>&nbsp;<\/p>\n<p>[\/et_pb_text][\/et_pb_column][\/et_pb_row][\/et_pb_section]<\/p>\n","protected":false},"excerpt":{"rendered":"<p><div class=\"et_pb_section et_pb_section_0 et_section_regular\" >\n\t\t\t\t\n\t\t\t\t\n\t\t\t\t\n\t\t\t\t\n\t\t\t\t\n\t\t\t\t\n\t\t\t\t\n\t\t\t\t\n\t\t\t\t\n\t\t\t<\/div><div class=\"et_pb_row et_pb_row_0 et_pb_row_empty\">\n\t\t\t\t\n\t\t\t\t\n\t\t\t\t\n\t\t\t\t\n\t\t\t\t\n\t\t\t<\/div> &nbsp; Les Botden \u2013 une aventure n\u00e9e d\u2019une pomme. Les Botden sont n\u00e9s aux Pays-Bas, o\u00f9 Irma Botden a \u00e9tudi\u00e9 la p\u00e9dagogie sociale et travaill\u00e9 dans le secteur des soins de sant\u00e9 pendant de nombreuses ann\u00e9es. De son c\u00f4t\u00e9, Marius Botden, qui s\u2019est tr\u00e8s t\u00f4t int\u00e9ress\u00e9 \u00e0 la gestion des vergers, a entrepris un [&hellip;]<\/p>\n","protected":false},"author":9,"featured_media":0,"parent":5153,"menu_order":20,"comment_status":"open","ping_status":"closed","template":"","meta":{"_et_pb_use_builder":"on","_et_pb_old_content":"<p>The Botdens \u2013 A Journey that Started with an Apple.<\/p><p><strong>\u00a0<\/strong><\/p><p>The Botdens were born in the Netherlands, where Irma Botden studied social pedagogy and worked in the health care sector for several years. Marius Botden, taking an early interest in managing orchards, decided to earn a Bachelor\u2019s degree in horticulture, specializing in growing fruit. Eager to advance his craft, he gained more experience by working in garden centres and at landscaping companies.<\/p><p>\u00a0<\/p><p>Once this entrepreneurial couple was married, they started their own fruit tree nurser, while Irma furthered her education by enrolling in an orchard maintenance course. In 2001, wanting to explore new challenges and expand their business, they decided to immigrate to Canada. Not only did they believe that Canada offered the best opportunity for success, but they fell in love with the country\u2019s wide open spaces and rich cultural mosaic.<\/p><p>Prior to their departure from the Netherlands, they negotiated the rights to become the exclusive growers of the Red Prince apple in Canada and imported rootstock from their nursery in Holland. In 2001, they became co-owners of Global Fruit, and since have been dedicated to the continual discovery and implementation of innovative agricultural technologies and best apple production and management practices.<\/p><p>\u00a0<\/p><p>As of September 2013 Global Fruit became a fully integrated operation as a grower\/ packer\/shipper with the acquisition of Binkley Apples by the Botdens.<\/p>","_et_gb_content_width":"","footnotes":""},"class_list":["post-5157","page","type-page","status-publish","hentry"],"yoast_head":"<!-- This site is optimized with the Yoast SEO plugin v27.2 - https:\/\/yoast.com\/product\/yoast-seo-wordpress\/ -->\n<title>\u00c0 propos des cultivateurs - Red Prince Apple<\/title>\n<meta name=\"robots\" content=\"index, follow, max-snippet:-1, max-image-preview:large, max-video-preview:-1\" \/>\n<link rel=\"canonical\" href=\"https:\/\/redprinceapple.ca\/story\/about-the-growers\/\" \/>\n<meta property=\"og:locale\" content=\"fr_FR\" \/>\n<meta property=\"og:type\" content=\"article\" \/>\n<meta property=\"og:title\" content=\"\u00c0 propos des cultivateurs - Red Prince Apple\" \/>\n<meta property=\"og:description\" content=\"&nbsp; Les Botden \u2013 une aventure n\u00e9e d\u2019une pomme. Les Botden sont n\u00e9s aux Pays-Bas, o\u00f9 Irma Botden a \u00e9tudi\u00e9 la p\u00e9dagogie sociale et travaill\u00e9 dans le secteur des soins de sant\u00e9 pendant de nombreuses ann\u00e9es. De son c\u00f4t\u00e9, Marius Botden, qui s\u2019est tr\u00e8s t\u00f4t int\u00e9ress\u00e9 \u00e0 la gestion des vergers, a entrepris un [&hellip;]\" \/>\n<meta property=\"og:url\" content=\"https:\/\/redprinceapple.ca\/story\/about-the-growers\/\" \/>\n<meta property=\"og:site_name\" content=\"Red Prince Apple\" \/>\n<meta property=\"article:modified_time\" content=\"2015-02-21T00:55:34+00:00\" \/>\n<meta name=\"twitter:label1\" content=\"Dur\u00e9e de lecture estim\u00e9e\" \/>\n\t<meta name=\"twitter:data1\" content=\"2 minutes\" \/>\n<script type=\"application\/ld+json\" class=\"yoast-schema-graph\">{\"@context\":\"https:\/\/schema.org\",\"@graph\":[{\"@type\":\"WebPage\",\"@id\":\"https:\/\/redprinceapple.ca\/story\/about-the-growers\/\",\"url\":\"https:\/\/redprinceapple.ca\/story\/about-the-growers\/\",\"name\":\"\u00c0 propos des cultivateurs - Red Prince Apple\",\"isPartOf\":{\"@id\":\"https:\/\/redprinceapple.ca\/#website\"},\"datePublished\":\"2015-02-12T17:50:28+00:00\",\"dateModified\":\"2015-02-21T00:55:34+00:00\",\"breadcrumb\":{\"@id\":\"https:\/\/redprinceapple.ca\/story\/about-the-growers\/#breadcrumb\"},\"inLanguage\":\"fr-FR\",\"potentialAction\":[{\"@type\":\"ReadAction\",\"target\":[\"https:\/\/redprinceapple.ca\/story\/about-the-growers\/\"]}]},{\"@type\":\"BreadcrumbList\",\"@id\":\"https:\/\/redprinceapple.ca\/story\/about-the-growers\/#breadcrumb\",\"itemListElement\":[{\"@type\":\"ListItem\",\"position\":1,\"name\":\"Home\",\"item\":\"https:\/\/redprinceapple.ca\/fr\/accueil\/\"},{\"@type\":\"ListItem\",\"position\":2,\"name\":\"Notre histoire\",\"item\":\"https:\/\/redprinceapple.ca\/story\/\"},{\"@type\":\"ListItem\",\"position\":3,\"name\":\"\u00c0 propos des cultivateurs\"}]},{\"@type\":\"WebSite\",\"@id\":\"https:\/\/redprinceapple.ca\/#website\",\"url\":\"https:\/\/redprinceapple.ca\/\",\"name\":\"Red Prince Apple\",\"description\":\"Taste at its Peak\",\"potentialAction\":[{\"@type\":\"SearchAction\",\"target\":{\"@type\":\"EntryPoint\",\"urlTemplate\":\"https:\/\/redprinceapple.ca\/?s={search_term_string}\"},\"query-input\":{\"@type\":\"PropertyValueSpecification\",\"valueRequired\":true,\"valueName\":\"search_term_string\"}}],\"inLanguage\":\"fr-FR\"}]}<\/script>\n<!-- \/ Yoast SEO plugin. -->","yoast_head_json":{"title":"\u00c0 propos des cultivateurs - Red Prince Apple","robots":{"index":"index","follow":"follow","max-snippet":"max-snippet:-1","max-image-preview":"max-image-preview:large","max-video-preview":"max-video-preview:-1"},"canonical":"https:\/\/redprinceapple.ca\/story\/about-the-growers\/","og_locale":"fr_FR","og_type":"article","og_title":"\u00c0 propos des cultivateurs - Red Prince Apple","og_description":"&nbsp; Les Botden \u2013 une aventure n\u00e9e d\u2019une pomme. Les Botden sont n\u00e9s aux Pays-Bas, o\u00f9 Irma Botden a \u00e9tudi\u00e9 la p\u00e9dagogie sociale et travaill\u00e9 dans le secteur des soins de sant\u00e9 pendant de nombreuses ann\u00e9es. De son c\u00f4t\u00e9, Marius Botden, qui s\u2019est tr\u00e8s t\u00f4t int\u00e9ress\u00e9 \u00e0 la gestion des vergers, a entrepris un [&hellip;]","og_url":"https:\/\/redprinceapple.ca\/story\/about-the-growers\/","og_site_name":"Red Prince Apple","article_modified_time":"2015-02-21T00:55:34+00:00","twitter_misc":{"Dur\u00e9e de lecture estim\u00e9e":"2 minutes"},"schema":{"@context":"https:\/\/schema.org","@graph":[{"@type":"WebPage","@id":"https:\/\/redprinceapple.ca\/story\/about-the-growers\/","url":"https:\/\/redprinceapple.ca\/story\/about-the-growers\/","name":"\u00c0 propos des cultivateurs - Red Prince Apple","isPartOf":{"@id":"https:\/\/redprinceapple.ca\/#website"},"datePublished":"2015-02-12T17:50:28+00:00","dateModified":"2015-02-21T00:55:34+00:00","breadcrumb":{"@id":"https:\/\/redprinceapple.ca\/story\/about-the-growers\/#breadcrumb"},"inLanguage":"fr-FR","potentialAction":[{"@type":"ReadAction","target":["https:\/\/redprinceapple.ca\/story\/about-the-growers\/"]}]},{"@type":"BreadcrumbList","@id":"https:\/\/redprinceapple.ca\/story\/about-the-growers\/#breadcrumb","itemListElement":[{"@type":"ListItem","position":1,"name":"Home","item":"https:\/\/redprinceapple.ca\/fr\/accueil\/"},{"@type":"ListItem","position":2,"name":"Notre histoire","item":"https:\/\/redprinceapple.ca\/story\/"},{"@type":"ListItem","position":3,"name":"\u00c0 propos des cultivateurs"}]},{"@type":"WebSite","@id":"https:\/\/redprinceapple.ca\/#website","url":"https:\/\/redprinceapple.ca\/","name":"Red Prince Apple","description":"Taste at its Peak","potentialAction":[{"@type":"SearchAction","target":{"@type":"EntryPoint","urlTemplate":"https:\/\/redprinceapple.ca\/?s={search_term_string}"},"query-input":{"@type":"PropertyValueSpecification","valueRequired":true,"valueName":"search_term_string"}}],"inLanguage":"fr-FR"}]}},"_links":{"self":[{"href":"https:\/\/redprinceapple.ca\/fr\/wp-json\/wp\/v2\/pages\/5157","targetHints":{"allow":["GET"]}}],"collection":[{"href":"https:\/\/redprinceapple.ca\/fr\/wp-json\/wp\/v2\/pages"}],"about":[{"href":"https:\/\/redprinceapple.ca\/fr\/wp-json\/wp\/v2\/types\/page"}],"author":[{"embeddable":true,"href":"https:\/\/redprinceapple.ca\/fr\/wp-json\/wp\/v2\/users\/9"}],"replies":[{"embeddable":true,"href":"https:\/\/redprinceapple.ca\/fr\/wp-json\/wp\/v2\/comments?post=5157"}],"version-history":[{"count":2,"href":"https:\/\/redprinceapple.ca\/fr\/wp-json\/wp\/v2\/pages\/5157\/revisions"}],"predecessor-version":[{"id":5379,"href":"https:\/\/redprinceapple.ca\/fr\/wp-json\/wp\/v2\/pages\/5157\/revisions\/5379"}],"up":[{"embeddable":true,"href":"https:\/\/redprinceapple.ca\/fr\/wp-json\/wp\/v2\/pages\/5153"}],"wp:attachment":[{"href":"https:\/\/redprinceapple.ca\/fr\/wp-json\/wp\/v2\/media?parent=5157"}],"curies":[{"name":"wp","href":"https:\/\/api.w.org\/{rel}","templated":true}]}}