{"id":5162,"date":"2015-02-12T12:58:54","date_gmt":"2015-02-12T17:58:54","guid":{"rendered":"http:\/\/redprinceapple.ca\/?page_id=5162"},"modified":"2015-02-20T19:55:50","modified_gmt":"2015-02-21T00:55:50","slug":"methode-de-culture-particuliere","status":"publish","type":"page","link":"https:\/\/redprinceapple.ca\/fr\/notre-histoire\/methode-de-culture-particuliere\/","title":{"rendered":"M\u00e9thode de culture particuli\u00e8re"},"content":{"rendered":"<p>[et_pb_section fullwidth=\u00a0\u00bbon\u00a0\u00bb specialty=\u00a0\u00bboff\u00a0\u00bb transparent_background=\u00a0\u00bboff\u00a0\u00bb background_color=\u00a0\u00bb#e2e2e2&Prime; inner_shadow=\u00a0\u00bbon\u00a0\u00bb parallax=\u00a0\u00bboff\u00a0\u00bb parallax_method=\u00a0\u00bboff\u00a0\u00bb background_image=\u00a0\u00bbhttps:\/\/redprinceapple.ca\/wp-content\/uploads\/2014\/12\/wood_skinny.jpg\u00a0\u00bb][et_pb_fullwidth_header admin_label=\u00a0\u00bbFullwidth Header\u00a0\u00bb title=\u00a0\u00bbPratiques culturales\u00a0\u00bb background_layout=\u00a0\u00bbdark\u00a0\u00bb text_orientation=\u00a0\u00bbleft\u00a0\u00bb \/][\/et_pb_section][et_pb_section fullwidth=\u00a0\u00bboff\u00a0\u00bb specialty=\u00a0\u00bboff\u00a0\u00bb][et_pb_row][et_pb_column type=\u00a0\u00bb1_3&Prime;][et_pb_image admin_label=\u00a0\u00bbImage\u00a0\u00bb src=\u00a0\u00bbhttps:\/\/redprinceapple.ca\/wp-content\/uploads\/2014\/12\/Growin-Practices.jpg\u00a0\u00bb show_in_lightbox=\u00a0\u00bbon\u00a0\u00bb url_new_window=\u00a0\u00bboff\u00a0\u00bb animation=\u00a0\u00bbleft\u00a0\u00bb sticky=\u00a0\u00bboff\u00a0\u00bb \/][\/et_pb_column][et_pb_column type=\u00a0\u00bb2_3&Prime;][et_pb_text admin_label=\u00a0\u00bbText\u00a0\u00bb background_layout=\u00a0\u00bblight\u00a0\u00bb text_orientation=\u00a0\u00bbleft\u00a0\u00bb]<\/p>\n<p>&nbsp;<\/p>\n<h2>Comment la pomme Red Prince est-elle cultiv\u00e9e?<\/h2>\n<p>La pomme Red Prince de l\u2019Ontario est cultiv\u00e9e de fa\u00e7on durable et novatrice, au moyen des meilleures pratiques suivantes\u00a0:<\/p>\n<p>&nbsp;<\/p>\n<ul>\n<li><strong>Vergers \u00e0 haute densit\u00e9\u00a0:<\/strong> Cette technique inspir\u00e9e de l\u2019Europe consiste \u00e0 planter de 1000\u00a0\u00e0 1500\u00a0arbres sur une superficie de 4000\u00a0m\u00e8tres carr\u00e9s, ce qui diff\u00e8re de la m\u00e9thode traditionnelle (de 300 \u00e0 500\u00a0arbres par 4000\u00a0m\u00e8tres carr\u00e9s).\u00a0Comme les arbres cultiv\u00e9s de cette fa\u00e7on sont taill\u00e9s r\u00e9guli\u00e8rement de mani\u00e8re \u00e0 les garder petits, les pommes sont expos\u00e9es au soleil tout au long de leur m\u00fbrissement, ce qui donne des fruits m\u00fbris sur l\u2019arbre de meilleure qualit\u00e9. De plus, des pommiers petits et \u00e9troits permettent aux travailleurs de cueillir plus de pommes pendant la r\u00e9colte. La moiti\u00e9 des travailleurs demeure au sol pour cueillir les pommes dans le bas des arbres, alors que le reste de l\u2019\u00e9quipe travaille sur une plateforme sur\u00e9lev\u00e9e afin d\u2019atteindre les pommes dans le haut des arbres. Cette m\u00e9thode fait en sorte que toutes les pommes m\u00fbres sont cueillies en m\u00eame temps et au bon moment. Cette pratique exemplaire \u00e9limine le recours aux \u00e9chelles, augmente la vitesse de cueillette et diminue l\u2019occurrence des accidents de travail.<\/li>\n<\/ul>\n<ul>\n<li><strong>Vaporisateurs \u00e9co-tunnel :<\/strong> Nos vaporisateurs \u00e9co-tunnel (une technologie mise au point par Marius Botden) r\u00e9duisent la quantit\u00e9 de mati\u00e8re protectrice utilis\u00e9e de 30 %. Lorsque ces vaporisateurs sont combin\u00e9s avec des vergers \u00e0 haute densit\u00e9, comme dans le cas de la pomme Red Prince, ils r\u00e9duisent l\u2019utilisation de pesticide de 75\u00a0% par rapport aux vergers de pommiers conventionnels.<\/li>\n<\/ul>\n<ul>\n<li><strong>Irrigation au goutte-\u00e0-goutte : <\/strong>Cette m\u00e9thode, qui consiste \u00e0 distribuer lentement une quantit\u00e9 constante et pr\u00e9cise d\u2019eau et de nutriments aux pommiers, favorise la conservation de l\u2019eau et permet aux pommes de cro\u00eetre \u00e0 un rythme contr\u00f4l\u00e9, ce qui r\u00e9sulte en des fruits plus uniformes.<\/li>\n<\/ul>\n<ul>\n<li><strong>Plantation de pr\u00e9cision :<\/strong> Guid\u00e9e par la technologie GPS, la plantation de pr\u00e9cision augmente le rendement du verger en pr\u00e9venant la distribution in\u00e9gale d\u2019humidit\u00e9 et de nutriments.<\/li>\n<\/ul>\n<ul>\n<li><strong>Syst\u00e8mes de calibrage perfectionn\u00e9s\u00a0: <\/strong>Cette technologie garantit que seules les pommes Red Prince de la plus haute qualit\u00e9 sont distribu\u00e9es sur le march\u00e9, afin que le meilleur de la r\u00e9colte arrive jusqu\u2019\u00e0 vous.<\/li>\n<\/ul>\n<p>&nbsp;<\/p>\n<p>[\/et_pb_text][\/et_pb_column][\/et_pb_row][\/et_pb_section]<\/p>\n","protected":false},"excerpt":{"rendered":"<p><div class=\"et_pb_row et_pb_row_0 et_pb_row_empty\">\n\t\t\t\t\n\t\t\t\t\n\t\t\t\t\n\t\t\t\t\n\t\t\t\t\n\t\t\t<\/div> &nbsp; Comment la pomme Red Prince est-elle cultiv\u00e9e? La pomme Red Prince de l\u2019Ontario est cultiv\u00e9e de fa\u00e7on durable et novatrice, au moyen des meilleures pratiques suivantes\u00a0: &nbsp; Vergers \u00e0 haute densit\u00e9\u00a0: Cette technique inspir\u00e9e de l\u2019Europe consiste \u00e0 planter de 1000\u00a0\u00e0 1500\u00a0arbres sur une superficie de 4000\u00a0m\u00e8tres carr\u00e9s, ce qui diff\u00e8re de la [&hellip;]<\/p>\n","protected":false},"author":9,"featured_media":0,"parent":5153,"menu_order":30,"comment_status":"open","ping_status":"closed","template":"","meta":{"_et_pb_use_builder":"on","_et_pb_old_content":"<p>How is the Red Prince Grown?<\/p><p>Ontario Red Prince apples are grown in a uniquely sustainable and innovative fashion including the following best practices:<\/p><ul><li><strong>High density orchards: <\/strong>Unlike the traditional method of planting 300-500 trees per acre, this European inspired growing technique involves planting 1,000-1,500 trees per acre. Trees grown in this fashion are kept small and are pruned regularly which allows the sun to come into contact with the apples through their entire maturation which develops better quality tree-ripened fruit. Keeping the trees small and narrow also allows workers to pick more apples during harvest. Half of their team remains at ground level to pick apples at the bottom of the tree and the remaining pick from a raised platform so they may collect apples from the top of the tree. This allows for all apples that are mature to be cleared from the trees at the same time. This best practice eliminates the need for ladders, increases the rate at which the apples are picked and decreases the occurrence of workplace accidents.<\/li><\/ul><ul><li><strong>Eco sprayers: <\/strong>These eco sprayers [technology developed by Marius Botden] reduce the amount of crop treatments used by 30 percent. When used in combination with the high density planting systems, as is the case with the Red Prince, eco sprayers reduce pesticide application by 75 percent from conventional apple growing orchards.<\/li><\/ul><ul><li><strong>Drip irrigation:<\/strong> This method of applying slow, steady and precise amounts of water and nutrients to the apple trees results in water conservation and allows the apples to grow at a regulated rate, so the fruit is more uniformly consistent.<\/li><\/ul><ul><li><strong>Precision planting: <\/strong>Guided by GPS technology, precision planting increases orchard yield by preventing misappropriation of moisture and nutrients.<\/li><\/ul><ul><li><strong>Pre-sorting and grading technologies: <\/strong>These technologies ensure that only the best<br \/> Red Prince apples are distributed to the marketplace.<\/li><\/ul>","_et_gb_content_width":"","footnotes":""},"class_list":["post-5162","page","type-page","status-publish","hentry"],"yoast_head":"<!-- This site is optimized with the Yoast SEO plugin v27.2 - https:\/\/yoast.com\/product\/yoast-seo-wordpress\/ -->\n<title>M\u00e9thode de culture particuli\u00e8re - Red Prince Apple<\/title>\n<meta name=\"robots\" content=\"index, follow, max-snippet:-1, max-image-preview:large, max-video-preview:-1\" \/>\n<link rel=\"canonical\" href=\"https:\/\/redprinceapple.ca\/story\/growing-practices\/\" \/>\n<meta property=\"og:locale\" content=\"fr_FR\" \/>\n<meta property=\"og:type\" content=\"article\" \/>\n<meta property=\"og:title\" content=\"M\u00e9thode de culture particuli\u00e8re - Red Prince Apple\" \/>\n<meta property=\"og:description\" content=\"&nbsp; Comment la pomme Red Prince est-elle cultiv\u00e9e? La pomme Red Prince de l\u2019Ontario est cultiv\u00e9e de fa\u00e7on durable et novatrice, au moyen des meilleures pratiques suivantes\u00a0: &nbsp; Vergers \u00e0 haute densit\u00e9\u00a0: Cette technique inspir\u00e9e de l\u2019Europe consiste \u00e0 planter de 1000\u00a0\u00e0 1500\u00a0arbres sur une superficie de 4000\u00a0m\u00e8tres carr\u00e9s, ce qui diff\u00e8re de la [&hellip;]\" \/>\n<meta property=\"og:url\" content=\"https:\/\/redprinceapple.ca\/story\/growing-practices\/\" \/>\n<meta property=\"og:site_name\" content=\"Red Prince Apple\" \/>\n<meta property=\"article:modified_time\" content=\"2015-02-21T00:55:50+00:00\" \/>\n<meta name=\"twitter:label1\" content=\"Dur\u00e9e de lecture estim\u00e9e\" \/>\n\t<meta name=\"twitter:data1\" content=\"3 minutes\" \/>\n<script type=\"application\/ld+json\" class=\"yoast-schema-graph\">{\"@context\":\"https:\/\/schema.org\",\"@graph\":[{\"@type\":\"WebPage\",\"@id\":\"https:\/\/redprinceapple.ca\/story\/growing-practices\/\",\"url\":\"https:\/\/redprinceapple.ca\/story\/growing-practices\/\",\"name\":\"M\u00e9thode de culture particuli\u00e8re - Red Prince Apple\",\"isPartOf\":{\"@id\":\"https:\/\/redprinceapple.ca\/#website\"},\"datePublished\":\"2015-02-12T17:58:54+00:00\",\"dateModified\":\"2015-02-21T00:55:50+00:00\",\"breadcrumb\":{\"@id\":\"https:\/\/redprinceapple.ca\/story\/growing-practices\/#breadcrumb\"},\"inLanguage\":\"fr-FR\",\"potentialAction\":[{\"@type\":\"ReadAction\",\"target\":[\"https:\/\/redprinceapple.ca\/story\/growing-practices\/\"]}]},{\"@type\":\"BreadcrumbList\",\"@id\":\"https:\/\/redprinceapple.ca\/story\/growing-practices\/#breadcrumb\",\"itemListElement\":[{\"@type\":\"ListItem\",\"position\":1,\"name\":\"Home\",\"item\":\"https:\/\/redprinceapple.ca\/fr\/accueil\/\"},{\"@type\":\"ListItem\",\"position\":2,\"name\":\"Notre histoire\",\"item\":\"https:\/\/redprinceapple.ca\/story\/\"},{\"@type\":\"ListItem\",\"position\":3,\"name\":\"M\u00e9thode de culture particuli\u00e8re\"}]},{\"@type\":\"WebSite\",\"@id\":\"https:\/\/redprinceapple.ca\/#website\",\"url\":\"https:\/\/redprinceapple.ca\/\",\"name\":\"Red Prince Apple\",\"description\":\"Taste at its Peak\",\"potentialAction\":[{\"@type\":\"SearchAction\",\"target\":{\"@type\":\"EntryPoint\",\"urlTemplate\":\"https:\/\/redprinceapple.ca\/?s={search_term_string}\"},\"query-input\":{\"@type\":\"PropertyValueSpecification\",\"valueRequired\":true,\"valueName\":\"search_term_string\"}}],\"inLanguage\":\"fr-FR\"}]}<\/script>\n<!-- \/ Yoast SEO plugin. -->","yoast_head_json":{"title":"M\u00e9thode de culture particuli\u00e8re - Red Prince Apple","robots":{"index":"index","follow":"follow","max-snippet":"max-snippet:-1","max-image-preview":"max-image-preview:large","max-video-preview":"max-video-preview:-1"},"canonical":"https:\/\/redprinceapple.ca\/story\/growing-practices\/","og_locale":"fr_FR","og_type":"article","og_title":"M\u00e9thode de culture particuli\u00e8re - Red Prince Apple","og_description":"&nbsp; Comment la pomme Red Prince est-elle cultiv\u00e9e? La pomme Red Prince de l\u2019Ontario est cultiv\u00e9e de fa\u00e7on durable et novatrice, au moyen des meilleures pratiques suivantes\u00a0: &nbsp; Vergers \u00e0 haute densit\u00e9\u00a0: Cette technique inspir\u00e9e de l\u2019Europe consiste \u00e0 planter de 1000\u00a0\u00e0 1500\u00a0arbres sur une superficie de 4000\u00a0m\u00e8tres carr\u00e9s, ce qui diff\u00e8re de la [&hellip;]","og_url":"https:\/\/redprinceapple.ca\/story\/growing-practices\/","og_site_name":"Red Prince Apple","article_modified_time":"2015-02-21T00:55:50+00:00","twitter_misc":{"Dur\u00e9e de lecture estim\u00e9e":"3 minutes"},"schema":{"@context":"https:\/\/schema.org","@graph":[{"@type":"WebPage","@id":"https:\/\/redprinceapple.ca\/story\/growing-practices\/","url":"https:\/\/redprinceapple.ca\/story\/growing-practices\/","name":"M\u00e9thode de culture particuli\u00e8re - Red Prince Apple","isPartOf":{"@id":"https:\/\/redprinceapple.ca\/#website"},"datePublished":"2015-02-12T17:58:54+00:00","dateModified":"2015-02-21T00:55:50+00:00","breadcrumb":{"@id":"https:\/\/redprinceapple.ca\/story\/growing-practices\/#breadcrumb"},"inLanguage":"fr-FR","potentialAction":[{"@type":"ReadAction","target":["https:\/\/redprinceapple.ca\/story\/growing-practices\/"]}]},{"@type":"BreadcrumbList","@id":"https:\/\/redprinceapple.ca\/story\/growing-practices\/#breadcrumb","itemListElement":[{"@type":"ListItem","position":1,"name":"Home","item":"https:\/\/redprinceapple.ca\/fr\/accueil\/"},{"@type":"ListItem","position":2,"name":"Notre histoire","item":"https:\/\/redprinceapple.ca\/story\/"},{"@type":"ListItem","position":3,"name":"M\u00e9thode de culture particuli\u00e8re"}]},{"@type":"WebSite","@id":"https:\/\/redprinceapple.ca\/#website","url":"https:\/\/redprinceapple.ca\/","name":"Red Prince Apple","description":"Taste at its Peak","potentialAction":[{"@type":"SearchAction","target":{"@type":"EntryPoint","urlTemplate":"https:\/\/redprinceapple.ca\/?s={search_term_string}"},"query-input":{"@type":"PropertyValueSpecification","valueRequired":true,"valueName":"search_term_string"}}],"inLanguage":"fr-FR"}]}},"_links":{"self":[{"href":"https:\/\/redprinceapple.ca\/fr\/wp-json\/wp\/v2\/pages\/5162","targetHints":{"allow":["GET"]}}],"collection":[{"href":"https:\/\/redprinceapple.ca\/fr\/wp-json\/wp\/v2\/pages"}],"about":[{"href":"https:\/\/redprinceapple.ca\/fr\/wp-json\/wp\/v2\/types\/page"}],"author":[{"embeddable":true,"href":"https:\/\/redprinceapple.ca\/fr\/wp-json\/wp\/v2\/users\/9"}],"replies":[{"embeddable":true,"href":"https:\/\/redprinceapple.ca\/fr\/wp-json\/wp\/v2\/comments?post=5162"}],"version-history":[{"count":3,"href":"https:\/\/redprinceapple.ca\/fr\/wp-json\/wp\/v2\/pages\/5162\/revisions"}],"predecessor-version":[{"id":5372,"href":"https:\/\/redprinceapple.ca\/fr\/wp-json\/wp\/v2\/pages\/5162\/revisions\/5372"}],"up":[{"embeddable":true,"href":"https:\/\/redprinceapple.ca\/fr\/wp-json\/wp\/v2\/pages\/5153"}],"wp:attachment":[{"href":"https:\/\/redprinceapple.ca\/fr\/wp-json\/wp\/v2\/media?parent=5162"}],"curies":[{"name":"wp","href":"https:\/\/api.w.org\/{rel}","templated":true}]}}