{"id":5171,"date":"2015-02-12T13:30:31","date_gmt":"2015-02-12T18:30:31","guid":{"rendered":"http:\/\/redprinceapple.ca\/?page_id=5171"},"modified":"2021-08-13T09:25:18","modified_gmt":"2021-08-13T13:25:18","slug":"recettes","status":"publish","type":"page","link":"https:\/\/redprinceapple.ca\/fr\/recettes\/","title":{"rendered":"Recettes"},"content":{"rendered":"<p>[et_pb_section fb_built=\u00a0\u00bb1&Prime; inner_shadow=\u00a0\u00bbon\u00a0\u00bb fullwidth=\u00a0\u00bbon\u00a0\u00bb _builder_version=\u00a0\u00bb3.22&Prime; background_color=\u00a0\u00bb#e2e2e2&Prime; background_image=\u00a0\u00bbhttps:\/\/redprinceapple.ca\/wp-content\/uploads\/2014\/12\/wood_skinny_Fade_recipes.png\u00a0\u00bb transparent_background=\u00a0\u00bboff\u00a0\u00bb][et_pb_fullwidth_header title=\u00a0\u00bbRecettes\u00a0\u00bb content_max_width=\u00a0\u00bbnone\u00a0\u00bb admin_label=\u00a0\u00bbFullwidth Header\u00a0\u00bb _builder_version=\u00a0\u00bb3.16&Prime; background_color=\u00a0\u00bbrgba(255, 255, 255, 0)\u00a0\u00bb button_one_text_size__hover_enabled=\u00a0\u00bboff\u00a0\u00bb button_two_text_size__hover_enabled=\u00a0\u00bboff\u00a0\u00bb button_one_text_color__hover_enabled=\u00a0\u00bboff\u00a0\u00bb button_two_text_color__hover_enabled=\u00a0\u00bboff\u00a0\u00bb button_one_border_width__hover_enabled=\u00a0\u00bboff\u00a0\u00bb button_two_border_width__hover_enabled=\u00a0\u00bboff\u00a0\u00bb button_one_border_color__hover_enabled=\u00a0\u00bboff\u00a0\u00bb button_two_border_color__hover_enabled=\u00a0\u00bboff\u00a0\u00bb button_one_border_radius__hover_enabled=\u00a0\u00bboff\u00a0\u00bb button_two_border_radius__hover_enabled=\u00a0\u00bboff\u00a0\u00bb button_one_letter_spacing__hover_enabled=\u00a0\u00bboff\u00a0\u00bb button_two_letter_spacing__hover_enabled=\u00a0\u00bboff\u00a0\u00bb button_one_bg_color__hover_enabled=\u00a0\u00bboff\u00a0\u00bb button_two_bg_color__hover_enabled=\u00a0\u00bboff\u00a0\u00bb][\/et_pb_fullwidth_header][\/et_pb_section][et_pb_section fb_built=\u00a0\u00bb1&Prime; inner_shadow=\u00a0\u00bbon\u00a0\u00bb _builder_version=\u00a0\u00bb3.22&Prime; background_color=\u00a0\u00bb#f7f7f7&Prime;][et_pb_row _builder_version=\u00a0\u00bb3.25&Prime; background_size=\u00a0\u00bbinitial\u00a0\u00bb background_position=\u00a0\u00bbtop_left\u00a0\u00bb background_repeat=\u00a0\u00bbrepeat\u00a0\u00bb][et_pb_column type=\u00a0\u00bb4_4&Prime; _builder_version=\u00a0\u00bb3.25&Prime; custom_padding=\u00a0\u00bb|||\u00a0\u00bb custom_padding__hover=\u00a0\u00bb|||\u00a0\u00bb][et_pb_text admin_label=\u00a0\u00bbText\u00a0\u00bb _builder_version=\u00a0\u00bb4.5.3&Prime; background_size=\u00a0\u00bbinitial\u00a0\u00bb background_position=\u00a0\u00bbtop_left\u00a0\u00bb background_repeat=\u00a0\u00bbrepeat\u00a0\u00bb hover_enabled=\u00a0\u00bb0&Prime;]&nbsp;<\/p>\n<h2>Votre nouveau secret culinaire\u00a0: la pomme Red Prince.<\/h2>\n<p>L\u2019une des caract\u00e9ristiques uniques de la pomme Red Prince, en plus de son processus de vieillissement en caveau, est la myriade de succulentes fa\u00e7ons dont elle peut \u00eatre pr\u00e9par\u00e9e, seule ou dans de d\u00e9licieux plats. Cette pomme sans nulle autre pareille peut \u00eatre utilis\u00e9e dans un \u00e9ventail de plats, de hors-d\u2019\u0153uvre, de collations et de desserts qui deviendront des favoris de ceux avec qui vous choisirez de partager ce secret. Elle est d\u00e9licieuse \u00e0 croquer telle quelle, mais aussi cuite au four, grill\u00e9e, saut\u00e9e, en compote et m\u00eame dans les soupes \u2013 sans oublier qu\u2019elle donne le meilleur jus de pomme auquel vous ayez jamais go\u00fbt\u00e9.<br \/>\n[\/et_pb_text][\/et_pb_column][\/et_pb_row][et_pb_row _builder_version=\u00a0\u00bb3.25&Prime; background_size=\u00a0\u00bbinitial\u00a0\u00bb background_position=\u00a0\u00bbtop_left\u00a0\u00bb background_repeat=\u00a0\u00bbrepeat\u00a0\u00bb][et_pb_column type=\u00a0\u00bb4_4&Prime; _builder_version=\u00a0\u00bb3.25&Prime; custom_padding=\u00a0\u00bb|||\u00a0\u00bb custom_padding__hover=\u00a0\u00bb|||\u00a0\u00bb][et_pb_portfolio _builder_version=\u00a0\u00bb4.5.3&Prime; _module_preset=\u00a0\u00bbdefault\u00a0\u00bb posts_number=\u00a0\u00bb12&Prime; include_categories=\u00a0\u00bball\u00a0\u00bb fullwidth=\u00a0\u00bboff\u00a0\u00bb show_categories=\u00a0\u00bboff\u00a0\u00bb hover_enabled=\u00a0\u00bb0&Prime;][\/et_pb_portfolio][\/et_pb_column][\/et_pb_row][\/et_pb_section]<\/p>\n","protected":false},"excerpt":{"rendered":"<p>&nbsp; Votre nouveau secret culinaire\u00a0: la pomme Red Prince. L\u2019une des caract\u00e9ristiques uniques de la pomme Red Prince, en plus de son processus de vieillissement en caveau, est la myriade de succulentes fa\u00e7ons dont elle peut \u00eatre pr\u00e9par\u00e9e, seule ou dans de d\u00e9licieux plats. Cette pomme sans nulle autre pareille peut \u00eatre utilis\u00e9e dans un [&hellip;]<\/p>\n","protected":false},"author":9,"featured_media":0,"parent":0,"menu_order":50,"comment_status":"open","ping_status":"closed","template":"","meta":{"_et_pb_use_builder":"on","_et_pb_old_content":"<p>Countless ways to experience the Red Prince taste.<\/p><p>One of the distinctions of the Red Prince Apple, aside from its unique cellar-aging process, is the many ways in which they can be prepared, on their own or in delicious dishes. \u00a0These unique apples can be used in meals, appetizers, snacks and desserts that will, without doubt, become a new favourite amongst those you choose to share this secret with. They are perfect to enjoy fresh, baked, grilled, saut\u00e9ed, sauced, even put in soup or crushed for the best apple juice you've ever tasted.<\/p>","_et_gb_content_width":"","footnotes":""},"class_list":["post-5171","page","type-page","status-publish","hentry"],"yoast_head":"<!-- This site is optimized with the Yoast SEO plugin v27.2 - https:\/\/yoast.com\/product\/yoast-seo-wordpress\/ -->\n<title>Recettes - Red Prince Apple<\/title>\n<meta name=\"robots\" content=\"index, follow, max-snippet:-1, max-image-preview:large, max-video-preview:-1\" \/>\n<link rel=\"canonical\" href=\"https:\/\/redprinceapple.ca\/recipes\/\" \/>\n<meta property=\"og:locale\" content=\"fr_FR\" \/>\n<meta property=\"og:type\" content=\"article\" \/>\n<meta property=\"og:title\" content=\"Recettes - Red Prince Apple\" \/>\n<meta property=\"og:description\" content=\"&nbsp; Votre nouveau secret culinaire\u00a0: la pomme Red Prince. L\u2019une des caract\u00e9ristiques uniques de la pomme Red Prince, en plus de son processus de vieillissement en caveau, est la myriade de succulentes fa\u00e7ons dont elle peut \u00eatre pr\u00e9par\u00e9e, seule ou dans de d\u00e9licieux plats. Cette pomme sans nulle autre pareille peut \u00eatre utilis\u00e9e dans un [&hellip;]\" \/>\n<meta property=\"og:url\" content=\"https:\/\/redprinceapple.ca\/recipes\/\" \/>\n<meta property=\"og:site_name\" content=\"Red Prince Apple\" \/>\n<meta property=\"article:modified_time\" content=\"2021-08-13T13:25:18+00:00\" \/>\n<meta name=\"twitter:label1\" content=\"Dur\u00e9e de lecture estim\u00e9e\" \/>\n\t<meta name=\"twitter:data1\" content=\"2 minutes\" \/>\n<script type=\"application\/ld+json\" class=\"yoast-schema-graph\">{\"@context\":\"https:\/\/schema.org\",\"@graph\":[{\"@type\":\"WebPage\",\"@id\":\"https:\/\/redprinceapple.ca\/recipes\/\",\"url\":\"https:\/\/redprinceapple.ca\/recipes\/\",\"name\":\"Recettes - Red Prince Apple\",\"isPartOf\":{\"@id\":\"https:\/\/redprinceapple.ca\/#website\"},\"datePublished\":\"2015-02-12T18:30:31+00:00\",\"dateModified\":\"2021-08-13T13:25:18+00:00\",\"breadcrumb\":{\"@id\":\"https:\/\/redprinceapple.ca\/recipes\/#breadcrumb\"},\"inLanguage\":\"fr-FR\",\"potentialAction\":[{\"@type\":\"ReadAction\",\"target\":[\"https:\/\/redprinceapple.ca\/recipes\/\"]}]},{\"@type\":\"BreadcrumbList\",\"@id\":\"https:\/\/redprinceapple.ca\/recipes\/#breadcrumb\",\"itemListElement\":[{\"@type\":\"ListItem\",\"position\":1,\"name\":\"Home\",\"item\":\"https:\/\/redprinceapple.ca\/fr\/accueil\/\"},{\"@type\":\"ListItem\",\"position\":2,\"name\":\"Recettes\"}]},{\"@type\":\"WebSite\",\"@id\":\"https:\/\/redprinceapple.ca\/#website\",\"url\":\"https:\/\/redprinceapple.ca\/\",\"name\":\"Red Prince Apple\",\"description\":\"Taste at its Peak\",\"potentialAction\":[{\"@type\":\"SearchAction\",\"target\":{\"@type\":\"EntryPoint\",\"urlTemplate\":\"https:\/\/redprinceapple.ca\/?s={search_term_string}\"},\"query-input\":{\"@type\":\"PropertyValueSpecification\",\"valueRequired\":true,\"valueName\":\"search_term_string\"}}],\"inLanguage\":\"fr-FR\"}]}<\/script>\n<!-- \/ Yoast SEO plugin. -->","yoast_head_json":{"title":"Recettes - Red Prince Apple","robots":{"index":"index","follow":"follow","max-snippet":"max-snippet:-1","max-image-preview":"max-image-preview:large","max-video-preview":"max-video-preview:-1"},"canonical":"https:\/\/redprinceapple.ca\/recipes\/","og_locale":"fr_FR","og_type":"article","og_title":"Recettes - Red Prince Apple","og_description":"&nbsp; Votre nouveau secret culinaire\u00a0: la pomme Red Prince. L\u2019une des caract\u00e9ristiques uniques de la pomme Red Prince, en plus de son processus de vieillissement en caveau, est la myriade de succulentes fa\u00e7ons dont elle peut \u00eatre pr\u00e9par\u00e9e, seule ou dans de d\u00e9licieux plats. Cette pomme sans nulle autre pareille peut \u00eatre utilis\u00e9e dans un [&hellip;]","og_url":"https:\/\/redprinceapple.ca\/recipes\/","og_site_name":"Red Prince Apple","article_modified_time":"2021-08-13T13:25:18+00:00","twitter_misc":{"Dur\u00e9e de lecture estim\u00e9e":"2 minutes"},"schema":{"@context":"https:\/\/schema.org","@graph":[{"@type":"WebPage","@id":"https:\/\/redprinceapple.ca\/recipes\/","url":"https:\/\/redprinceapple.ca\/recipes\/","name":"Recettes - Red Prince Apple","isPartOf":{"@id":"https:\/\/redprinceapple.ca\/#website"},"datePublished":"2015-02-12T18:30:31+00:00","dateModified":"2021-08-13T13:25:18+00:00","breadcrumb":{"@id":"https:\/\/redprinceapple.ca\/recipes\/#breadcrumb"},"inLanguage":"fr-FR","potentialAction":[{"@type":"ReadAction","target":["https:\/\/redprinceapple.ca\/recipes\/"]}]},{"@type":"BreadcrumbList","@id":"https:\/\/redprinceapple.ca\/recipes\/#breadcrumb","itemListElement":[{"@type":"ListItem","position":1,"name":"Home","item":"https:\/\/redprinceapple.ca\/fr\/accueil\/"},{"@type":"ListItem","position":2,"name":"Recettes"}]},{"@type":"WebSite","@id":"https:\/\/redprinceapple.ca\/#website","url":"https:\/\/redprinceapple.ca\/","name":"Red Prince Apple","description":"Taste at its Peak","potentialAction":[{"@type":"SearchAction","target":{"@type":"EntryPoint","urlTemplate":"https:\/\/redprinceapple.ca\/?s={search_term_string}"},"query-input":{"@type":"PropertyValueSpecification","valueRequired":true,"valueName":"search_term_string"}}],"inLanguage":"fr-FR"}]}},"_links":{"self":[{"href":"https:\/\/redprinceapple.ca\/fr\/wp-json\/wp\/v2\/pages\/5171","targetHints":{"allow":["GET"]}}],"collection":[{"href":"https:\/\/redprinceapple.ca\/fr\/wp-json\/wp\/v2\/pages"}],"about":[{"href":"https:\/\/redprinceapple.ca\/fr\/wp-json\/wp\/v2\/types\/page"}],"author":[{"embeddable":true,"href":"https:\/\/redprinceapple.ca\/fr\/wp-json\/wp\/v2\/users\/9"}],"replies":[{"embeddable":true,"href":"https:\/\/redprinceapple.ca\/fr\/wp-json\/wp\/v2\/comments?post=5171"}],"version-history":[{"count":5,"href":"https:\/\/redprinceapple.ca\/fr\/wp-json\/wp\/v2\/pages\/5171\/revisions"}],"predecessor-version":[{"id":6930,"href":"https:\/\/redprinceapple.ca\/fr\/wp-json\/wp\/v2\/pages\/5171\/revisions\/6930"}],"wp:attachment":[{"href":"https:\/\/redprinceapple.ca\/fr\/wp-json\/wp\/v2\/media?parent=5171"}],"curies":[{"name":"wp","href":"https:\/\/api.w.org\/{rel}","templated":true}]}}